{"id":19088,"date":"2023-09-18T14:47:41","date_gmt":"2023-09-18T14:47:41","guid":{"rendered":"http:\/\/www.escoletablaucel.es\/?page_id=19088"},"modified":"2023-09-28T14:59:53","modified_gmt":"2023-09-28T14:59:53","slug":"projecte-educatiu","status":"publish","type":"page","link":"https:\/\/www.escoletablaucel.es\/ca\/projecte-educatiu\/","title":{"rendered":"Projecte educatiu"},"content":{"rendered":"<div class=\"wpb-content-wrapper\"><p>[vc_row css=&#8221;.vc_custom_1422897311950{margin-top: 60px !important;}&#8221; idsection=&#8221;intro-row-single-teacher&#8221;][vc_column width=&#8221;1\/2&#8243; css=&#8221;.vc_custom_1422897532916{margin-bottom: 20px !important;}&#8221;][vc_gallery interval=&#8221;3&#8243; images=&#8221;3053,3052,3050,3049,3048,3046,3044,3043,2890,2857,2797,2823&#8243; img_size=&#8221;large&#8221; onclick=&#8221;&#8221;][\/vc_column][vc_column width=&#8221;1\/2&#8243; css=&#8221;.vc_custom_1422897539084{margin-bottom: 20px !important;}&#8221;]<h1 style=\"color:;\" class=\" subtitle left\">Projecte educatiu<\/h1>[vc_empty_space height=&#8221;20px&#8221;]<div class=\"nicdark_divider  left small \"><span style=\"background-color:#74cee4;\" class=\"nicdark_radius\"><\/span><\/div>[vc_empty_space height=&#8221;20px&#8221;][vc_column_text]<\/p>\n<p>La nostra finalitat \u00e9s la de facilitar el desenvolupament integral i global dels infants, acompanyant-los en l\u2019adquisici\u00f3 de capacitats i destreses, aix\u00ed com promoure la seva autonomia i el seu proc\u00e9s individual, posant en pr\u00e0ctica els seg\u00fcents principis pedag\u00f2gics:<\/p>\n<ul>\n<li>Entenem l\u2019infant com un \u00e9sser actiu, <strong>capa\u00e7<\/strong> i competent<\/li>\n<li>Creim en els<strong> infants com a protagonistes <\/strong>dels seus propis aprenentatges.<\/li>\n<li>Els <strong>moments quotidians<\/strong> (l\u2019alimentaci\u00f3, el descans, la higiene personal&#8230;) representen moments d\u2019aprenentatge de gran import\u00e0ncia essencials per al desenvolupament aut\u00f2nom.<\/li>\n<li>Donam import\u00e0ncia al <strong>joc i el moviment lliure<\/strong>, com a eina essencial de l\u2019aprenentatge.<\/li>\n<li>Treballam a trav\u00e9s d<strong>\u2019experi\u00e8ncies de manipulaci\u00f3 i experimentaci\u00f3<\/strong>, a trav\u00e9s de materials quotidians..<\/li>\n<li>Consideram fonamental l<strong>\u2019acompanyament emocional<\/strong> respectu\u00f3s establint una relaci\u00f3 afectiva i de confian\u00e7a amb els infants.<\/li>\n<li>La participaci\u00f3 i la relaci\u00f3 de les fam\u00edlies \u00e9s essencial i imprescindible. Sentim que \u00e9s fonamental establir un <strong>vincle de confian\u00e7a i corresponsabilitat <\/strong>amb elles.<\/li>\n<\/ul>\n<p>[\/vc_column_text][\/vc_column][\/vc_row][vc_section][vc_row][vc_column][vc_column_text]<\/p>\n<p style=\"text-align: center;\">En el nostre projecte educatiu tenim com a referents diverses metodologies i pedagogies actives com: Loris Malaguzzi (Reggio Emilia), Emmi Pikler (Loczy), Aucourtiurier i Montessori entre d\u2019altres.<\/p>\n<p>[\/vc_column_text][vc_empty_space]<h2 style=\"color:;\" class=\"  center\">Infants y fam\u00edlies<\/h2>[vc_empty_space height=&#8221;14px&#8221;][vc_column_text]<\/p>\n<p style=\"text-align: center;\">Els infants i les seves necessitats s\u00f3n el centre del nostre objectiu pedag\u00f2gic.\u00a0 Considerem imprescindible el treball conjunt amb les fam\u00edlies per tal de garantir un desenvolupament saludable en tots els \u00e0mbits: motriu, cognitiu, emocional i social.<\/p>\n<p style=\"text-align: center;\">El nostre objectiu com a centre \u00e9s que durant els primers anys de vida dels infants, les fam\u00edlies se sentin acompanyades durant el proc\u00e9s educatiu dels seus fills\/es.<\/p>\n<p>[\/vc_column_text][vc_empty_space]<h2 style=\"color:;\" class=\"  center\">L'equip educatiu<\/h2>[vc_empty_space height=&#8221;14px&#8221;][vc_column_text]<\/p>\n<p style=\"text-align: center;\">L\u2019equip \u00e9s qui acompanya a l\u2019infant i a la seva fam\u00edlia de forma individualitzada a trav\u00e9s d\u2019un vincle afectiu de confian\u00e7a, comprensi\u00f3 i respecte.<\/p>\n<p style=\"text-align: center;\">Durant el proc\u00e9s educatiu donam eines i suport per atendre les necessitats que es presenten als infants en el dia a dia de forma acurada i amb una actitud propera.<\/p>\n<p style=\"text-align: center;\">Tamb\u00e9 duim a terme tasques de planificaci\u00f3, organitzaci\u00f3 de propostes, reunions amb fam\u00edlia i d\u2019equip.<\/p>\n<p>[\/vc_column_text][vc_empty_space height=&#8221;80px&#8221;][\/vc_column][\/vc_row][\/vc_section][vc_row][vc_column][vc_column_text]<\/p>\n<p>[\/vc_column_text][\/vc_column][\/vc_row][vc_section css=&#8221;.vc_custom_1693207472690{margin-bottom: 40px !important;}&#8221;][vc_row el_class=&#8221;container-logos&#8221;][vc_column][vc_single_image image=&#8221;18982&#8243; img_size=&#8221;full&#8221;][vc_single_image image=&#8221;18988&#8243; img_size=&#8221;full&#8221;][vc_single_image image=&#8221;18991&#8243; img_size=&#8221;full&#8221;][vc_single_image image=&#8221;18985&#8243; img_size=&#8221;full&#8221;][\/vc_column][\/vc_row][vc_row][vc_column][vc_empty_space height=&#8221;60px&#8221;][vc_column_text el_class=&#8221;codigo-centro&#8221;]<\/p>\n<h4 style=\"text-align: center;\">Centre Educatiu adherit a la Xarxa Educativa Complement\u00e0ria d\u2019Escoles Infantils p\u00fabliques de la Comunitat Aut\u00f2noma de les Illes Balears. Centre Educatiu autoritzat de Primer Cicle d&#8217;Educaci\u00f3 Infantil amb codi de centre:<\/h4>\n<p>&nbsp;<\/p>\n<h4 class=\"title\" style=\"text-align: center;\"><strong>07015173<\/strong><\/h4>\n<p>[\/vc_column_text][vc_empty_space][\/vc_column][\/vc_row][\/vc_section]<\/p>\n<\/div>","protected":false},"excerpt":{"rendered":"<p>[vc_row css=&#8221;.vc_custom_1422897311950{margin-top: 60px !important;}&#8221; idsection=&#8221;intro-row-single-teacher&#8221;][vc_column width=&#8221;1\/2&#8243; css=&#8221;.vc_custom_1422897532916{margin-bottom: 20px !important;}&#8221;][vc_gallery interval=&#8221;3&#8243; images=&#8221;3053,3052,3050,3049,3048,3046,3044,3043,2890,2857,2797,2823&#8243; img_size=&#8221;large&#8221; onclick=&#8221;&#8221;][\/vc_column][vc_column width=&#8221;1\/2&#8243; css=&#8221;.vc_custom_1422897539084{margin-bottom: 20px !important;}&#8221;][vc_empty_space height=&#8221;20px&#8221;][vc_empty_space height=&#8221;20px&#8221;][vc_column_text] La nostra finalitat \u00e9s la de facilitar el desenvolupament integral i global dels infants, acompanyant-los en l\u2019adquisici\u00f3 de capacitats i destreses, aix\u00ed com promoure la seva autonomia i el seu proc\u00e9s individual, posant en pr\u00e0ctica els &#8230;<\/p>\n","protected":false},"author":2,"featured_media":0,"parent":0,"menu_order":0,"comment_status":"closed","ping_status":"closed","template":"","meta":{"footnotes":""},"class_list":["post-19088","page","type-page","status-publish","hentry"],"yoast_head":"<!-- This site is optimized with the Yoast SEO plugin v21.8 - https:\/\/yoast.com\/wordpress\/plugins\/seo\/ -->\n<title>Projecte educatiu - Escoleta Blaucel<\/title>\n<meta name=\"robots\" content=\"index, follow, max-snippet:-1, max-image-preview:large, max-video-preview:-1\" \/>\n<link rel=\"canonical\" href=\"https:\/\/www.escoletablaucel.es\/ca\/projecte-educatiu\/\" \/>\n<meta property=\"og:locale\" content=\"ca_ES\" \/>\n<meta property=\"og:type\" content=\"article\" \/>\n<meta property=\"og:title\" content=\"Projecte educatiu - Escoleta Blaucel\" \/>\n<meta property=\"og:description\" content=\"[vc_row css=&#8221;.vc_custom_1422897311950{margin-top: 60px !important;}&#8221; idsection=&#8221;intro-row-single-teacher&#8221;][vc_column width=&#8221;1\/2&#8243; css=&#8221;.vc_custom_1422897532916{margin-bottom: 20px !important;}&#8221;][vc_gallery interval=&#8221;3&#8243; images=&#8221;3053,3052,3050,3049,3048,3046,3044,3043,2890,2857,2797,2823&#8243; img_size=&#8221;large&#8221; onclick=&#8221;&#8221;][\/vc_column][vc_column width=&#8221;1\/2&#8243; css=&#8221;.vc_custom_1422897539084{margin-bottom: 20px !important;}&#8221;][vc_empty_space height=&#8221;20px&#8221;][vc_empty_space height=&#8221;20px&#8221;][vc_column_text] La nostra finalitat \u00e9s la de facilitar el desenvolupament integral i global dels infants, acompanyant-los en l\u2019adquisici\u00f3 de capacitats i destreses, aix\u00ed com promoure la seva autonomia i el seu proc\u00e9s individual, posant en pr\u00e0ctica els ...\" \/>\n<meta property=\"og:url\" content=\"https:\/\/www.escoletablaucel.es\/ca\/projecte-educatiu\/\" \/>\n<meta property=\"og:site_name\" content=\"Escoleta Blaucel\" \/>\n<meta property=\"article:modified_time\" content=\"2023-09-28T14:59:53+00:00\" \/>\n<meta name=\"twitter:card\" content=\"summary_large_image\" \/>\n<meta name=\"twitter:label1\" content=\"Temps estimat de lectura\" \/>\n\t<meta name=\"twitter:data1\" content=\"3 minuts\" \/>\n<script type=\"application\/ld+json\" class=\"yoast-schema-graph\">{\"@context\":\"https:\/\/schema.org\",\"@graph\":[{\"@type\":\"WebPage\",\"@id\":\"https:\/\/www.escoletablaucel.es\/ca\/projecte-educatiu\/\",\"url\":\"https:\/\/www.escoletablaucel.es\/ca\/projecte-educatiu\/\",\"name\":\"Projecte educatiu - Escoleta Blaucel\",\"isPartOf\":{\"@id\":\"https:\/\/www.escoletablaucel.es\/#website\"},\"datePublished\":\"2023-09-18T14:47:41+00:00\",\"dateModified\":\"2023-09-28T14:59:53+00:00\",\"breadcrumb\":{\"@id\":\"https:\/\/www.escoletablaucel.es\/ca\/projecte-educatiu\/#breadcrumb\"},\"inLanguage\":\"ca\",\"potentialAction\":[{\"@type\":\"ReadAction\",\"target\":[\"https:\/\/www.escoletablaucel.es\/ca\/projecte-educatiu\/\"]}]},{\"@type\":\"BreadcrumbList\",\"@id\":\"https:\/\/www.escoletablaucel.es\/ca\/projecte-educatiu\/#breadcrumb\",\"itemListElement\":[{\"@type\":\"ListItem\",\"position\":1,\"name\":\"Portada\",\"item\":\"https:\/\/www.escoletablaucel.es\/ca\/\"},{\"@type\":\"ListItem\",\"position\":2,\"name\":\"Projecte educatiu\"}]},{\"@type\":\"WebSite\",\"@id\":\"https:\/\/www.escoletablaucel.es\/#website\",\"url\":\"https:\/\/www.escoletablaucel.es\/\",\"name\":\"Escoleta Blaucel\",\"description\":\"Centro de educaci\u00f3n infantil de primer ciclo\",\"potentialAction\":[{\"@type\":\"SearchAction\",\"target\":{\"@type\":\"EntryPoint\",\"urlTemplate\":\"https:\/\/www.escoletablaucel.es\/?s={search_term_string}\"},\"query-input\":\"required name=search_term_string\"}],\"inLanguage\":\"ca\"}]}<\/script>\n<!-- \/ Yoast SEO plugin. -->","yoast_head_json":{"title":"Projecte educatiu - Escoleta Blaucel","robots":{"index":"index","follow":"follow","max-snippet":"max-snippet:-1","max-image-preview":"max-image-preview:large","max-video-preview":"max-video-preview:-1"},"canonical":"https:\/\/www.escoletablaucel.es\/ca\/projecte-educatiu\/","og_locale":"ca_ES","og_type":"article","og_title":"Projecte educatiu - Escoleta Blaucel","og_description":"[vc_row css=&#8221;.vc_custom_1422897311950{margin-top: 60px !important;}&#8221; idsection=&#8221;intro-row-single-teacher&#8221;][vc_column width=&#8221;1\/2&#8243; css=&#8221;.vc_custom_1422897532916{margin-bottom: 20px !important;}&#8221;][vc_gallery interval=&#8221;3&#8243; images=&#8221;3053,3052,3050,3049,3048,3046,3044,3043,2890,2857,2797,2823&#8243; img_size=&#8221;large&#8221; onclick=&#8221;&#8221;][\/vc_column][vc_column width=&#8221;1\/2&#8243; css=&#8221;.vc_custom_1422897539084{margin-bottom: 20px !important;}&#8221;][vc_empty_space height=&#8221;20px&#8221;][vc_empty_space height=&#8221;20px&#8221;][vc_column_text] La nostra finalitat \u00e9s la de facilitar el desenvolupament integral i global dels infants, acompanyant-los en l\u2019adquisici\u00f3 de capacitats i destreses, aix\u00ed com promoure la seva autonomia i el seu proc\u00e9s individual, posant en pr\u00e0ctica els ...","og_url":"https:\/\/www.escoletablaucel.es\/ca\/projecte-educatiu\/","og_site_name":"Escoleta Blaucel","article_modified_time":"2023-09-28T14:59:53+00:00","twitter_card":"summary_large_image","twitter_misc":{"Temps estimat de lectura":"3 minuts"},"schema":{"@context":"https:\/\/schema.org","@graph":[{"@type":"WebPage","@id":"https:\/\/www.escoletablaucel.es\/ca\/projecte-educatiu\/","url":"https:\/\/www.escoletablaucel.es\/ca\/projecte-educatiu\/","name":"Projecte educatiu - Escoleta Blaucel","isPartOf":{"@id":"https:\/\/www.escoletablaucel.es\/#website"},"datePublished":"2023-09-18T14:47:41+00:00","dateModified":"2023-09-28T14:59:53+00:00","breadcrumb":{"@id":"https:\/\/www.escoletablaucel.es\/ca\/projecte-educatiu\/#breadcrumb"},"inLanguage":"ca","potentialAction":[{"@type":"ReadAction","target":["https:\/\/www.escoletablaucel.es\/ca\/projecte-educatiu\/"]}]},{"@type":"BreadcrumbList","@id":"https:\/\/www.escoletablaucel.es\/ca\/projecte-educatiu\/#breadcrumb","itemListElement":[{"@type":"ListItem","position":1,"name":"Portada","item":"https:\/\/www.escoletablaucel.es\/ca\/"},{"@type":"ListItem","position":2,"name":"Projecte educatiu"}]},{"@type":"WebSite","@id":"https:\/\/www.escoletablaucel.es\/#website","url":"https:\/\/www.escoletablaucel.es\/","name":"Escoleta Blaucel","description":"Centro de educaci\u00f3n infantil de primer ciclo","potentialAction":[{"@type":"SearchAction","target":{"@type":"EntryPoint","urlTemplate":"https:\/\/www.escoletablaucel.es\/?s={search_term_string}"},"query-input":"required name=search_term_string"}],"inLanguage":"ca"}]}},"_links":{"self":[{"href":"https:\/\/www.escoletablaucel.es\/ca\/wp-json\/wp\/v2\/pages\/19088","targetHints":{"allow":["GET"]}}],"collection":[{"href":"https:\/\/www.escoletablaucel.es\/ca\/wp-json\/wp\/v2\/pages"}],"about":[{"href":"https:\/\/www.escoletablaucel.es\/ca\/wp-json\/wp\/v2\/types\/page"}],"author":[{"embeddable":true,"href":"https:\/\/www.escoletablaucel.es\/ca\/wp-json\/wp\/v2\/users\/2"}],"replies":[{"embeddable":true,"href":"https:\/\/www.escoletablaucel.es\/ca\/wp-json\/wp\/v2\/comments?post=19088"}],"version-history":[{"count":8,"href":"https:\/\/www.escoletablaucel.es\/ca\/wp-json\/wp\/v2\/pages\/19088\/revisions"}],"predecessor-version":[{"id":19184,"href":"https:\/\/www.escoletablaucel.es\/ca\/wp-json\/wp\/v2\/pages\/19088\/revisions\/19184"}],"wp:attachment":[{"href":"https:\/\/www.escoletablaucel.es\/ca\/wp-json\/wp\/v2\/media?parent=19088"}],"curies":[{"name":"wp","href":"https:\/\/api.w.org\/{rel}","templated":true}]}}