{"id":19125,"date":"2023-09-18T15:29:04","date_gmt":"2023-09-18T15:29:04","guid":{"rendered":"http:\/\/www.escoletablaucel.es\/?page_id=19125"},"modified":"2023-09-28T14:56:11","modified_gmt":"2023-09-28T14:56:11","slug":"espais-temps-i-relacions","status":"publish","type":"page","link":"https:\/\/www.escoletablaucel.es\/ca\/espais-temps-i-relacions\/","title":{"rendered":"Espais, temps i relacions"},"content":{"rendered":"<div class=\"wpb-content-wrapper\"><p>[vc_row css=&#8221;.vc_custom_1422897311950{margin-top: 60px !important;}&#8221; idsection=&#8221;intro-row-single-teacher&#8221;][vc_column width=&#8221;1\/2&#8243; css=&#8221;.vc_custom_1422897532916{margin-bottom: 20px !important;}&#8221;][vc_gallery interval=&#8221;3&#8243; images=&#8221;3052,3050,3049,3043,16895,16917,3046,3045,3047&#8243; img_size=&#8221;large&#8221; onclick=&#8221;&#8221;][\/vc_column][vc_column width=&#8221;1\/2&#8243; css=&#8221;.vc_custom_1422897539084{margin-bottom: 20px !important;}&#8221;]<h1 style=\"color:;\" class=\" subtitle left\">Espais, temps i relacions<\/h1>[vc_empty_space height=&#8221;20px&#8221;]<div class=\"nicdark_divider  left small \"><span style=\"background-color:#74cee4;\" class=\"nicdark_radius\"><\/span><\/div>[vc_empty_space height=&#8221;20px&#8221;][vc_column_text]Donam gran import\u00e0ncia al joc i moviment lliure, la natura, aire lliure, alimentaci\u00f3 saludable, descans, relacions socioafectives aix\u00ed com tamb\u00e9 a la individualitat, la calma i l\u2019ordre.<\/p>\n<p>&nbsp;<\/p>\n<p>Els espais que trobem al nostre centre estan pensats i dissenyats a trav\u00e9s de criteris pedag\u00f2gics.<\/p>\n<p>&nbsp;<\/p>\n<p>Les aules estan adaptades a cada etapa del 0-3. Cadascuna d\u2019aquestes est\u00e0 organitzada en espai i temps depenent de les necessitats i interessos dels infants que l\u2019ocupen, provocant sensacions de benestar i seguretat.<\/p>\n<p>&nbsp;<\/p>\n<p>Dins aquests espais volem aconseguir un clima de serenitat, creant un ambient agradable en el qual faci ganes estar.[\/vc_column_text][\/vc_column][\/vc_row][vc_row][vc_column][vc_column_text]<\/p>\n<p>&nbsp;<\/p>\n<p>&nbsp;<\/p>\n<p>[\/vc_column_text][\/vc_column][\/vc_row][vc_section css=&#8221;.vc_custom_1693207472690{margin-bottom: 40px !important;}&#8221;][vc_row el_class=&#8221;container-logos&#8221;][vc_column][vc_single_image image=&#8221;18982&#8243; img_size=&#8221;full&#8221;][vc_single_image image=&#8221;18988&#8243; img_size=&#8221;full&#8221;][vc_single_image image=&#8221;18991&#8243; img_size=&#8221;full&#8221;][vc_single_image image=&#8221;18985&#8243; img_size=&#8221;full&#8221;][\/vc_column][\/vc_row][vc_row][vc_column][vc_empty_space height=&#8221;60px&#8221;][vc_column_text el_class=&#8221;codigo-centro&#8221;]<\/p>\n<h4 style=\"text-align: center;\">Centre Educatiu adherit a la Xarxa Educativa Complement\u00e0ria d\u2019Escoles Infantils p\u00fabliques de la Comunitat Aut\u00f2noma de les Illes Balears. Centre Educatiu autoritzat de Primer Cicle d&#8217;Educaci\u00f3 Infantil amb codi de centre:<\/h4>\n<p>&nbsp;<\/p>\n<h4 class=\"title\" style=\"text-align: center;\"><strong>07015173<\/strong><\/h4>\n<p>[\/vc_column_text][vc_empty_space][\/vc_column][\/vc_row][\/vc_section]<\/p>\n<\/div>","protected":false},"excerpt":{"rendered":"<p>[vc_row css=&#8221;.vc_custom_1422897311950{margin-top: 60px !important;}&#8221; idsection=&#8221;intro-row-single-teacher&#8221;][vc_column width=&#8221;1\/2&#8243; css=&#8221;.vc_custom_1422897532916{margin-bottom: 20px !important;}&#8221;][vc_gallery interval=&#8221;3&#8243; images=&#8221;3052,3050,3049,3043,16895,16917,3046,3045,3047&#8243; img_size=&#8221;large&#8221; onclick=&#8221;&#8221;][\/vc_column][vc_column width=&#8221;1\/2&#8243; css=&#8221;.vc_custom_1422897539084{margin-bottom: 20px !important;}&#8221;][vc_empty_space height=&#8221;20px&#8221;][vc_empty_space height=&#8221;20px&#8221;][vc_column_text]Donam gran import\u00e0ncia al joc i moviment lliure, la natura, aire lliure, alimentaci\u00f3 saludable, descans, relacions socioafectives aix\u00ed com tamb\u00e9 a la individualitat, la calma i l\u2019ordre. &nbsp; Els espais que trobem al nostre centre estan pensats &#8230;<\/p>\n","protected":false},"author":2,"featured_media":0,"parent":0,"menu_order":0,"comment_status":"closed","ping_status":"closed","template":"","meta":{"footnotes":""},"class_list":["post-19125","page","type-page","status-publish","hentry"],"yoast_head":"<!-- This site is optimized with the Yoast SEO plugin v21.8 - https:\/\/yoast.com\/wordpress\/plugins\/seo\/ -->\n<title>Espais, temps i relacions - Escoleta Blaucel<\/title>\n<meta name=\"robots\" content=\"index, follow, max-snippet:-1, max-image-preview:large, max-video-preview:-1\" \/>\n<link rel=\"canonical\" href=\"https:\/\/www.escoletablaucel.es\/ca\/espais-temps-i-relacions\/\" \/>\n<meta property=\"og:locale\" content=\"ca_ES\" \/>\n<meta property=\"og:type\" content=\"article\" \/>\n<meta property=\"og:title\" content=\"Espais, temps i relacions - Escoleta Blaucel\" \/>\n<meta property=\"og:description\" content=\"[vc_row css=&#8221;.vc_custom_1422897311950{margin-top: 60px !important;}&#8221; idsection=&#8221;intro-row-single-teacher&#8221;][vc_column width=&#8221;1\/2&#8243; css=&#8221;.vc_custom_1422897532916{margin-bottom: 20px !important;}&#8221;][vc_gallery interval=&#8221;3&#8243; images=&#8221;3052,3050,3049,3043,16895,16917,3046,3045,3047&#8243; img_size=&#8221;large&#8221; onclick=&#8221;&#8221;][\/vc_column][vc_column width=&#8221;1\/2&#8243; css=&#8221;.vc_custom_1422897539084{margin-bottom: 20px !important;}&#8221;][vc_empty_space height=&#8221;20px&#8221;][vc_empty_space height=&#8221;20px&#8221;][vc_column_text]Donam gran import\u00e0ncia al joc i moviment lliure, la natura, aire lliure, alimentaci\u00f3 saludable, descans, relacions socioafectives aix\u00ed com tamb\u00e9 a la individualitat, la calma i l\u2019ordre. &nbsp; Els espais que trobem al nostre centre estan pensats ...\" \/>\n<meta property=\"og:url\" content=\"https:\/\/www.escoletablaucel.es\/ca\/espais-temps-i-relacions\/\" \/>\n<meta property=\"og:site_name\" content=\"Escoleta Blaucel\" \/>\n<meta property=\"article:modified_time\" content=\"2023-09-28T14:56:11+00:00\" \/>\n<meta name=\"twitter:card\" content=\"summary_large_image\" \/>\n<meta name=\"twitter:label1\" content=\"Temps estimat de lectura\" \/>\n\t<meta name=\"twitter:data1\" content=\"2 minuts\" \/>\n<script type=\"application\/ld+json\" class=\"yoast-schema-graph\">{\"@context\":\"https:\/\/schema.org\",\"@graph\":[{\"@type\":\"WebPage\",\"@id\":\"https:\/\/www.escoletablaucel.es\/ca\/espais-temps-i-relacions\/\",\"url\":\"https:\/\/www.escoletablaucel.es\/ca\/espais-temps-i-relacions\/\",\"name\":\"Espais, temps i relacions - Escoleta Blaucel\",\"isPartOf\":{\"@id\":\"https:\/\/www.escoletablaucel.es\/#website\"},\"datePublished\":\"2023-09-18T15:29:04+00:00\",\"dateModified\":\"2023-09-28T14:56:11+00:00\",\"breadcrumb\":{\"@id\":\"https:\/\/www.escoletablaucel.es\/ca\/espais-temps-i-relacions\/#breadcrumb\"},\"inLanguage\":\"ca\",\"potentialAction\":[{\"@type\":\"ReadAction\",\"target\":[\"https:\/\/www.escoletablaucel.es\/ca\/espais-temps-i-relacions\/\"]}]},{\"@type\":\"BreadcrumbList\",\"@id\":\"https:\/\/www.escoletablaucel.es\/ca\/espais-temps-i-relacions\/#breadcrumb\",\"itemListElement\":[{\"@type\":\"ListItem\",\"position\":1,\"name\":\"Portada\",\"item\":\"https:\/\/www.escoletablaucel.es\/ca\/\"},{\"@type\":\"ListItem\",\"position\":2,\"name\":\"Espais, temps i relacions\"}]},{\"@type\":\"WebSite\",\"@id\":\"https:\/\/www.escoletablaucel.es\/#website\",\"url\":\"https:\/\/www.escoletablaucel.es\/\",\"name\":\"Escoleta Blaucel\",\"description\":\"Centro de educaci\u00f3n infantil de primer ciclo\",\"potentialAction\":[{\"@type\":\"SearchAction\",\"target\":{\"@type\":\"EntryPoint\",\"urlTemplate\":\"https:\/\/www.escoletablaucel.es\/?s={search_term_string}\"},\"query-input\":\"required name=search_term_string\"}],\"inLanguage\":\"ca\"}]}<\/script>\n<!-- \/ Yoast SEO plugin. -->","yoast_head_json":{"title":"Espais, temps i relacions - Escoleta Blaucel","robots":{"index":"index","follow":"follow","max-snippet":"max-snippet:-1","max-image-preview":"max-image-preview:large","max-video-preview":"max-video-preview:-1"},"canonical":"https:\/\/www.escoletablaucel.es\/ca\/espais-temps-i-relacions\/","og_locale":"ca_ES","og_type":"article","og_title":"Espais, temps i relacions - Escoleta Blaucel","og_description":"[vc_row css=&#8221;.vc_custom_1422897311950{margin-top: 60px !important;}&#8221; idsection=&#8221;intro-row-single-teacher&#8221;][vc_column width=&#8221;1\/2&#8243; css=&#8221;.vc_custom_1422897532916{margin-bottom: 20px !important;}&#8221;][vc_gallery interval=&#8221;3&#8243; images=&#8221;3052,3050,3049,3043,16895,16917,3046,3045,3047&#8243; img_size=&#8221;large&#8221; onclick=&#8221;&#8221;][\/vc_column][vc_column width=&#8221;1\/2&#8243; css=&#8221;.vc_custom_1422897539084{margin-bottom: 20px !important;}&#8221;][vc_empty_space height=&#8221;20px&#8221;][vc_empty_space height=&#8221;20px&#8221;][vc_column_text]Donam gran import\u00e0ncia al joc i moviment lliure, la natura, aire lliure, alimentaci\u00f3 saludable, descans, relacions socioafectives aix\u00ed com tamb\u00e9 a la individualitat, la calma i l\u2019ordre. &nbsp; Els espais que trobem al nostre centre estan pensats ...","og_url":"https:\/\/www.escoletablaucel.es\/ca\/espais-temps-i-relacions\/","og_site_name":"Escoleta Blaucel","article_modified_time":"2023-09-28T14:56:11+00:00","twitter_card":"summary_large_image","twitter_misc":{"Temps estimat de lectura":"2 minuts"},"schema":{"@context":"https:\/\/schema.org","@graph":[{"@type":"WebPage","@id":"https:\/\/www.escoletablaucel.es\/ca\/espais-temps-i-relacions\/","url":"https:\/\/www.escoletablaucel.es\/ca\/espais-temps-i-relacions\/","name":"Espais, temps i relacions - Escoleta Blaucel","isPartOf":{"@id":"https:\/\/www.escoletablaucel.es\/#website"},"datePublished":"2023-09-18T15:29:04+00:00","dateModified":"2023-09-28T14:56:11+00:00","breadcrumb":{"@id":"https:\/\/www.escoletablaucel.es\/ca\/espais-temps-i-relacions\/#breadcrumb"},"inLanguage":"ca","potentialAction":[{"@type":"ReadAction","target":["https:\/\/www.escoletablaucel.es\/ca\/espais-temps-i-relacions\/"]}]},{"@type":"BreadcrumbList","@id":"https:\/\/www.escoletablaucel.es\/ca\/espais-temps-i-relacions\/#breadcrumb","itemListElement":[{"@type":"ListItem","position":1,"name":"Portada","item":"https:\/\/www.escoletablaucel.es\/ca\/"},{"@type":"ListItem","position":2,"name":"Espais, temps i relacions"}]},{"@type":"WebSite","@id":"https:\/\/www.escoletablaucel.es\/#website","url":"https:\/\/www.escoletablaucel.es\/","name":"Escoleta Blaucel","description":"Centro de educaci\u00f3n infantil de primer ciclo","potentialAction":[{"@type":"SearchAction","target":{"@type":"EntryPoint","urlTemplate":"https:\/\/www.escoletablaucel.es\/?s={search_term_string}"},"query-input":"required name=search_term_string"}],"inLanguage":"ca"}]}},"_links":{"self":[{"href":"https:\/\/www.escoletablaucel.es\/ca\/wp-json\/wp\/v2\/pages\/19125","targetHints":{"allow":["GET"]}}],"collection":[{"href":"https:\/\/www.escoletablaucel.es\/ca\/wp-json\/wp\/v2\/pages"}],"about":[{"href":"https:\/\/www.escoletablaucel.es\/ca\/wp-json\/wp\/v2\/types\/page"}],"author":[{"embeddable":true,"href":"https:\/\/www.escoletablaucel.es\/ca\/wp-json\/wp\/v2\/users\/2"}],"replies":[{"embeddable":true,"href":"https:\/\/www.escoletablaucel.es\/ca\/wp-json\/wp\/v2\/comments?post=19125"}],"version-history":[{"count":2,"href":"https:\/\/www.escoletablaucel.es\/ca\/wp-json\/wp\/v2\/pages\/19125\/revisions"}],"predecessor-version":[{"id":19179,"href":"https:\/\/www.escoletablaucel.es\/ca\/wp-json\/wp\/v2\/pages\/19125\/revisions\/19179"}],"wp:attachment":[{"href":"https:\/\/www.escoletablaucel.es\/ca\/wp-json\/wp\/v2\/media?parent=19125"}],"curies":[{"name":"wp","href":"https:\/\/api.w.org\/{rel}","templated":true}]}}