{"id":2899,"date":"2015-10-23T11:10:19","date_gmt":"2015-10-23T11:10:19","guid":{"rendered":"http:\/\/www.escoletablaucel.es\/ca\/historia-del-centro\/"},"modified":"2023-09-28T14:55:47","modified_gmt":"2023-09-28T14:55:47","slug":"escoleta","status":"publish","type":"page","link":"https:\/\/www.escoletablaucel.es\/ca\/escoleta\/","title":{"rendered":"Escoleta"},"content":{"rendered":"<div class=\"wpb-content-wrapper\"><p>[vc_row css=&#8221;.vc_custom_1422897311950{margin-top: 60px !important;}&#8221; idsection=&#8221;intro-row-single-teacher&#8221;][vc_column width=&#8221;1\/2&#8243; css=&#8221;.vc_custom_1422897532916{margin-bottom: 20px !important;}&#8221;][vc_gallery interval=&#8221;3&#8243; images=&#8221;3053,3052,3051,3050,3049,3048,3047,3046,3045,3044,3043&#8243; img_size=&#8221;large&#8221; onclick=&#8221;&#8221;][\/vc_column][vc_column width=&#8221;1\/2&#8243; css=&#8221;.vc_custom_1422897539084{margin-bottom: 20px !important;}&#8221;]<h1 style=\"color:;\" class=\" subtitle left\">Escoleta<\/h1>[vc_empty_space height=&#8221;20px&#8221;]<div class=\"nicdark_divider  left small \"><span style=\"background-color:#74cee4;\" class=\"nicdark_radius\"><\/span><\/div>[vc_empty_space height=&#8221;20px&#8221;][vc_column_text]Blaucel \u00e9s un <strong>centre d\u2019educaci\u00f3 infantil<\/strong> de primer cicle (0 \u2013 3 anys), adherit a la Xarxa Complement\u00e0ria de les escoletes de la Comunitat Aut\u00f2noma de les Illes Balears, el qual est\u00e0 reconegut per la Conselleria d\u2019Educaci\u00f3 Cultura i Universitats del Govern Balear amb el codi de centre 07015173.<\/p>\n<p>L\u2019escoleta va ser fundada l\u2019any 2005. Aquests anys de traject\u00f2ria han fet que la nostra metodologia hagi evolucionat per tal d\u2019ajustar-nos a les necessitats actuals dels infants.[\/vc_column_text][\/vc_column][\/vc_row][vc_row][vc_column][vc_column_text]<\/p>\n<p>&nbsp;<\/p>\n<p>&nbsp;<\/p>\n<p>[\/vc_column_text][\/vc_column][\/vc_row][vc_section css=&#8221;.vc_custom_1693207472690{margin-bottom: 40px !important;}&#8221;][vc_row el_class=&#8221;container-logos&#8221;][vc_column][vc_single_image image=&#8221;18982&#8243; img_size=&#8221;full&#8221;][vc_single_image image=&#8221;18988&#8243; img_size=&#8221;full&#8221;][vc_single_image image=&#8221;18991&#8243; img_size=&#8221;full&#8221;][vc_single_image image=&#8221;18985&#8243; img_size=&#8221;full&#8221;][\/vc_column][\/vc_row][vc_row][vc_column][vc_empty_space height=&#8221;60px&#8221;][vc_column_text el_class=&#8221;codigo-centro&#8221;]<\/p>\n<h4 style=\"text-align: center;\">Centre Educatiu adherit a la Xarxa Educativa Complement\u00e0ria d\u2019Escoles Infantils p\u00fabliques de la Comunitat Aut\u00f2noma de les Illes Balears. Centre Educatiu autoritzat de Primer Cicle d&#8217;Educaci\u00f3 Infantil amb codi de centre:<\/h4>\n<p>&nbsp;<\/p>\n<h4 class=\"title\" style=\"text-align: center;\"><strong>07015173<\/strong><\/h4>\n<p>[\/vc_column_text][vc_empty_space][\/vc_column][\/vc_row][\/vc_section]<\/p>\n<\/div>","protected":false},"excerpt":{"rendered":"<p>[vc_row css=&#8221;.vc_custom_1422897311950{margin-top: 60px !important;}&#8221; idsection=&#8221;intro-row-single-teacher&#8221;][vc_column width=&#8221;1\/2&#8243; css=&#8221;.vc_custom_1422897532916{margin-bottom: 20px !important;}&#8221;][vc_gallery interval=&#8221;3&#8243; images=&#8221;3053,3052,3051,3050,3049,3048,3047,3046,3045,3044,3043&#8243; img_size=&#8221;large&#8221; onclick=&#8221;&#8221;][\/vc_column][vc_column width=&#8221;1\/2&#8243; css=&#8221;.vc_custom_1422897539084{margin-bottom: 20px !important;}&#8221;][vc_empty_space height=&#8221;20px&#8221;][vc_empty_space height=&#8221;20px&#8221;][vc_column_text]Blaucel \u00e9s un centre d\u2019educaci\u00f3 infantil de primer cicle (0 \u2013 3 anys), adherit a la Xarxa Complement\u00e0ria de les escoletes de la Comunitat Aut\u00f2noma de les Illes Balears, el qual est\u00e0 reconegut per la Conselleria d\u2019Educaci\u00f3 &#8230;<\/p>\n","protected":false},"author":1,"featured_media":0,"parent":0,"menu_order":0,"comment_status":"closed","ping_status":"open","template":"","meta":{"footnotes":""},"class_list":["post-2899","page","type-page","status-publish","hentry"],"yoast_head":"<!-- This site is optimized with the Yoast SEO plugin v21.8 - https:\/\/yoast.com\/wordpress\/plugins\/seo\/ -->\n<title>Escoleta - Escoleta Blaucel<\/title>\n<meta name=\"robots\" content=\"index, follow, max-snippet:-1, max-image-preview:large, max-video-preview:-1\" \/>\n<link rel=\"canonical\" href=\"https:\/\/www.escoletablaucel.es\/ca\/escoleta\/\" \/>\n<meta property=\"og:locale\" content=\"ca_ES\" \/>\n<meta property=\"og:type\" content=\"article\" \/>\n<meta property=\"og:title\" content=\"Escoleta - Escoleta Blaucel\" \/>\n<meta property=\"og:description\" content=\"[vc_row css=&#8221;.vc_custom_1422897311950{margin-top: 60px !important;}&#8221; idsection=&#8221;intro-row-single-teacher&#8221;][vc_column width=&#8221;1\/2&#8243; css=&#8221;.vc_custom_1422897532916{margin-bottom: 20px !important;}&#8221;][vc_gallery interval=&#8221;3&#8243; images=&#8221;3053,3052,3051,3050,3049,3048,3047,3046,3045,3044,3043&#8243; img_size=&#8221;large&#8221; onclick=&#8221;&#8221;][\/vc_column][vc_column width=&#8221;1\/2&#8243; css=&#8221;.vc_custom_1422897539084{margin-bottom: 20px !important;}&#8221;][vc_empty_space height=&#8221;20px&#8221;][vc_empty_space height=&#8221;20px&#8221;][vc_column_text]Blaucel \u00e9s un centre d\u2019educaci\u00f3 infantil de primer cicle (0 \u2013 3 anys), adherit a la Xarxa Complement\u00e0ria de les escoletes de la Comunitat Aut\u00f2noma de les Illes Balears, el qual est\u00e0 reconegut per la Conselleria d\u2019Educaci\u00f3 ...\" \/>\n<meta property=\"og:url\" content=\"https:\/\/www.escoletablaucel.es\/ca\/escoleta\/\" \/>\n<meta property=\"og:site_name\" content=\"Escoleta Blaucel\" \/>\n<meta property=\"article:modified_time\" content=\"2023-09-28T14:55:47+00:00\" \/>\n<meta name=\"twitter:card\" content=\"summary_large_image\" \/>\n<meta name=\"twitter:label1\" content=\"Temps estimat de lectura\" \/>\n\t<meta name=\"twitter:data1\" content=\"1 minut\" \/>\n<script type=\"application\/ld+json\" class=\"yoast-schema-graph\">{\"@context\":\"https:\/\/schema.org\",\"@graph\":[{\"@type\":\"WebPage\",\"@id\":\"https:\/\/www.escoletablaucel.es\/ca\/escoleta\/\",\"url\":\"https:\/\/www.escoletablaucel.es\/ca\/escoleta\/\",\"name\":\"Escoleta - Escoleta Blaucel\",\"isPartOf\":{\"@id\":\"https:\/\/www.escoletablaucel.es\/#website\"},\"datePublished\":\"2015-10-23T11:10:19+00:00\",\"dateModified\":\"2023-09-28T14:55:47+00:00\",\"breadcrumb\":{\"@id\":\"https:\/\/www.escoletablaucel.es\/ca\/escoleta\/#breadcrumb\"},\"inLanguage\":\"ca\",\"potentialAction\":[{\"@type\":\"ReadAction\",\"target\":[\"https:\/\/www.escoletablaucel.es\/ca\/escoleta\/\"]}]},{\"@type\":\"BreadcrumbList\",\"@id\":\"https:\/\/www.escoletablaucel.es\/ca\/escoleta\/#breadcrumb\",\"itemListElement\":[{\"@type\":\"ListItem\",\"position\":1,\"name\":\"Portada\",\"item\":\"https:\/\/www.escoletablaucel.es\/ca\/\"},{\"@type\":\"ListItem\",\"position\":2,\"name\":\"Escoleta\"}]},{\"@type\":\"WebSite\",\"@id\":\"https:\/\/www.escoletablaucel.es\/#website\",\"url\":\"https:\/\/www.escoletablaucel.es\/\",\"name\":\"Escoleta Blaucel\",\"description\":\"Centro de educaci\u00f3n infantil de primer ciclo\",\"potentialAction\":[{\"@type\":\"SearchAction\",\"target\":{\"@type\":\"EntryPoint\",\"urlTemplate\":\"https:\/\/www.escoletablaucel.es\/?s={search_term_string}\"},\"query-input\":\"required name=search_term_string\"}],\"inLanguage\":\"ca\"}]}<\/script>\n<!-- \/ Yoast SEO plugin. -->","yoast_head_json":{"title":"Escoleta - Escoleta Blaucel","robots":{"index":"index","follow":"follow","max-snippet":"max-snippet:-1","max-image-preview":"max-image-preview:large","max-video-preview":"max-video-preview:-1"},"canonical":"https:\/\/www.escoletablaucel.es\/ca\/escoleta\/","og_locale":"ca_ES","og_type":"article","og_title":"Escoleta - Escoleta Blaucel","og_description":"[vc_row css=&#8221;.vc_custom_1422897311950{margin-top: 60px !important;}&#8221; idsection=&#8221;intro-row-single-teacher&#8221;][vc_column width=&#8221;1\/2&#8243; css=&#8221;.vc_custom_1422897532916{margin-bottom: 20px !important;}&#8221;][vc_gallery interval=&#8221;3&#8243; images=&#8221;3053,3052,3051,3050,3049,3048,3047,3046,3045,3044,3043&#8243; img_size=&#8221;large&#8221; onclick=&#8221;&#8221;][\/vc_column][vc_column width=&#8221;1\/2&#8243; css=&#8221;.vc_custom_1422897539084{margin-bottom: 20px !important;}&#8221;][vc_empty_space height=&#8221;20px&#8221;][vc_empty_space height=&#8221;20px&#8221;][vc_column_text]Blaucel \u00e9s un centre d\u2019educaci\u00f3 infantil de primer cicle (0 \u2013 3 anys), adherit a la Xarxa Complement\u00e0ria de les escoletes de la Comunitat Aut\u00f2noma de les Illes Balears, el qual est\u00e0 reconegut per la Conselleria d\u2019Educaci\u00f3 ...","og_url":"https:\/\/www.escoletablaucel.es\/ca\/escoleta\/","og_site_name":"Escoleta Blaucel","article_modified_time":"2023-09-28T14:55:47+00:00","twitter_card":"summary_large_image","twitter_misc":{"Temps estimat de lectura":"1 minut"},"schema":{"@context":"https:\/\/schema.org","@graph":[{"@type":"WebPage","@id":"https:\/\/www.escoletablaucel.es\/ca\/escoleta\/","url":"https:\/\/www.escoletablaucel.es\/ca\/escoleta\/","name":"Escoleta - Escoleta Blaucel","isPartOf":{"@id":"https:\/\/www.escoletablaucel.es\/#website"},"datePublished":"2015-10-23T11:10:19+00:00","dateModified":"2023-09-28T14:55:47+00:00","breadcrumb":{"@id":"https:\/\/www.escoletablaucel.es\/ca\/escoleta\/#breadcrumb"},"inLanguage":"ca","potentialAction":[{"@type":"ReadAction","target":["https:\/\/www.escoletablaucel.es\/ca\/escoleta\/"]}]},{"@type":"BreadcrumbList","@id":"https:\/\/www.escoletablaucel.es\/ca\/escoleta\/#breadcrumb","itemListElement":[{"@type":"ListItem","position":1,"name":"Portada","item":"https:\/\/www.escoletablaucel.es\/ca\/"},{"@type":"ListItem","position":2,"name":"Escoleta"}]},{"@type":"WebSite","@id":"https:\/\/www.escoletablaucel.es\/#website","url":"https:\/\/www.escoletablaucel.es\/","name":"Escoleta Blaucel","description":"Centro de educaci\u00f3n infantil de primer ciclo","potentialAction":[{"@type":"SearchAction","target":{"@type":"EntryPoint","urlTemplate":"https:\/\/www.escoletablaucel.es\/?s={search_term_string}"},"query-input":"required name=search_term_string"}],"inLanguage":"ca"}]}},"_links":{"self":[{"href":"https:\/\/www.escoletablaucel.es\/ca\/wp-json\/wp\/v2\/pages\/2899","targetHints":{"allow":["GET"]}}],"collection":[{"href":"https:\/\/www.escoletablaucel.es\/ca\/wp-json\/wp\/v2\/pages"}],"about":[{"href":"https:\/\/www.escoletablaucel.es\/ca\/wp-json\/wp\/v2\/types\/page"}],"author":[{"embeddable":true,"href":"https:\/\/www.escoletablaucel.es\/ca\/wp-json\/wp\/v2\/users\/1"}],"replies":[{"embeddable":true,"href":"https:\/\/www.escoletablaucel.es\/ca\/wp-json\/wp\/v2\/comments?post=2899"}],"version-history":[{"count":21,"href":"https:\/\/www.escoletablaucel.es\/ca\/wp-json\/wp\/v2\/pages\/2899\/revisions"}],"predecessor-version":[{"id":19178,"href":"https:\/\/www.escoletablaucel.es\/ca\/wp-json\/wp\/v2\/pages\/2899\/revisions\/19178"}],"wp:attachment":[{"href":"https:\/\/www.escoletablaucel.es\/ca\/wp-json\/wp\/v2\/media?parent=2899"}],"curies":[{"name":"wp","href":"https:\/\/api.w.org\/{rel}","templated":true}]}}