{"id":2902,"date":"2015-10-23T11:11:13","date_gmt":"2015-10-23T11:11:13","guid":{"rendered":"http:\/\/www.escoletablaucel.es\/ca\/servicios\/"},"modified":"2023-09-28T14:56:48","modified_gmt":"2023-09-28T14:56:48","slug":"serveis","status":"publish","type":"page","link":"https:\/\/www.escoletablaucel.es\/ca\/serveis\/","title":{"rendered":"Serveis"},"content":{"rendered":"<div class=\"wpb-content-wrapper\"><p>[vc_row][vc_column][vc_empty_space][\/vc_column][\/vc_row][vc_row][vc_column width=&#8221;1\/2&#8243;]\r\n\r\n    <div class=\" nicdark_archive1 nicdark_relative\">\r\n        \r\n        <a target=\"\" href=\"\" class=\"nicdark_btn_icon nicdark_bg_orange extrabig nicdark_radius_circle white nicdark_absolute nicdark_shadow\"><i class=\"icon-graduation-cap\"><\/i><\/a>\r\n    \r\n        <div class=\"nicdark_activity nicdark_marginleft100\">\r\n            <h4>Servei Educatiu<\/h4>                        \r\n            <div class=\"nicdark_space20\"><\/div>\r\n            <p>El centre obre de dilluns a divendres de 7:30 a 16:00 hores.<\/p>\r\n            <div class=\"nicdark_space20\"><\/div>\r\n            \r\n            <div class=\"nicdark_space5\"><\/div>\r\n        <\/div>\r\n    <\/div>\r\n      \r\n   [\/vc_column][vc_column width=&#8221;1\/2&#8243;]\r\n\r\n    <div class=\" nicdark_archive1 nicdark_relative\">\r\n        \r\n        <a target=\"\" href=\"\" class=\"nicdark_btn_icon nicdark_bg_green extrabig nicdark_radius_circle white nicdark_absolute nicdark_shadow\"><i class=\"icon-food\"><\/i><\/a>\r\n    \r\n        <div class=\"nicdark_activity nicdark_marginleft100\">\r\n            <h4>Menjador<\/h4>                        \r\n            <div class=\"nicdark_space20\"><\/div>\r\n            <p>Servei de c\u00e0tering casol\u00e0, proporciona als infants una alimentaci\u00f3 adaptada, sana i equilibrada aprofitant les propietats dels productes de temporada. Aquest servei s\u2019adapta en casos d\u2019intoler\u00e0ncies i al\u00b7l\u00e8rgies aliment\u00e0ries.<\/p>\r\n            <div class=\"nicdark_space20\"><\/div>\r\n            \r\n            <div class=\"nicdark_space5\"><\/div>\r\n        <\/div>\r\n    <\/div>\r\n      \r\n   [\/vc_column][vc_column][vc_empty_space][\/vc_column][\/vc_row][vc_row][vc_column width=&#8221;1\/2&#8243;]\r\n\r\n    <div class=\" nicdark_archive1 nicdark_relative\">\r\n        \r\n        <a target=\"\" href=\"\" class=\"nicdark_btn_icon nicdark_bg_red extrabig nicdark_radius_circle white nicdark_absolute nicdark_shadow\"><i class=\"icon-child\"><\/i><\/a>\r\n    \r\n        <div class=\"nicdark_activity nicdark_marginleft100\">\r\n            <h4>Servei d\u2019Atenci\u00f3 Primerenca (EAP)<\/h4>                        \r\n            <div class=\"nicdark_space20\"><\/div>\r\n            <p>El centre disposa d\u2019un equip format per professionals en orientaci\u00f3 educativa (OE), mestres especialistes en pedagogia terap\u00e8utica (PT) i mestres especialistes en audici\u00f3 i llenguatge (AL), per detectar, diagnosticar i treballar la integraci\u00f3 dels infants amb necessitats espec\u00edfiques de suport educatiu, aix\u00ed com fer suport a aquests i a les seves fam\u00edlies.<\/p>\r\n            <div class=\"nicdark_space20\"><\/div>\r\n            \r\n            <div class=\"nicdark_space5\"><\/div>\r\n        <\/div>\r\n    <\/div>\r\n      \r\n   [\/vc_column][vc_column width=&#8221;1\/2&#8243;]\r\n\r\n    <div class=\" nicdark_archive1 nicdark_relative\">\r\n        \r\n        <a target=\"\" href=\"\" class=\"nicdark_btn_icon nicdark_bg_blue extrabig nicdark_radius_circle white nicdark_absolute nicdark_shadow\"><i class=\"icon-book\"><\/i><\/a>\r\n    \r\n        <div class=\"nicdark_activity nicdark_marginleft100\">\r\n            <h4>Servei agenda digital<\/h4>                        \r\n            <div class=\"nicdark_space20\"><\/div>\r\n            <p>\u00c9s una app per documentar i optimitzar la gesti\u00f3 del centre i potenciar la comunicaci\u00f3 amb les fam\u00edlies.<\/p>\r\n            <div class=\"nicdark_space20\"><\/div>\r\n            \r\n            <div class=\"nicdark_space5\"><\/div>\r\n        <\/div>\r\n    <\/div>\r\n      \r\n   [\/vc_column][vc_column][vc_empty_space][\/vc_column][\/vc_row][vc_row][vc_column width=&#8221;1\/2&#8243;]\r\n\r\n    <div class=\" nicdark_archive1 nicdark_relative\">\r\n        \r\n        <a target=\"\" href=\"\" class=\"nicdark_btn_icon nicdark_bg_violet extrabig nicdark_radius_circle white nicdark_absolute nicdark_shadow\"><i class=\"icon-female\"><\/i><\/a>\r\n    \r\n        <div class=\"nicdark_activity nicdark_marginleft100\">\r\n            <h4>Servei del tr\u00e0mit model 233 (mare treballadora)<\/h4>                        \r\n            <div class=\"nicdark_space20\"><\/div>\r\n            <p>Deducci\u00f3 per mares treballadores fins a 1000 \u20ac, per infants fins a tres anys que assisteixen a un centre autoritzat per la Conselleria d\u2019Educaci\u00f3 i Cultura.<\/p>\r\n            <div class=\"nicdark_space20\"><\/div>\r\n            \r\n            <div class=\"nicdark_space5\"><\/div>\r\n        <\/div>\r\n    <\/div>\r\n      \r\n   [\/vc_column][vc_column width=&#8221;1\/2&#8243;]\r\n\r\n    <div class=\" nicdark_archive1 nicdark_relative\">\r\n        \r\n        <a target=\"\" href=\"\" class=\"nicdark_btn_icon nicdark_bg_yellow extrabig nicdark_radius_circle white nicdark_absolute nicdark_shadow\"><i class=\"icon-language\"><\/i><\/a>\r\n    \r\n        <div class=\"nicdark_activity nicdark_marginleft100\">\r\n            <h4>DILO idiomes<\/h4>                        \r\n            <div class=\"nicdark_space20\"><\/div>\r\n            <p>Els nostres infants es familiaritzen dins la rutina de l\u2019aula amb l'angl\u00e8s, des dels primers mesos de vida, aprenent aquest idioma dia a dia, amb un sistema din\u00e0mic i vivencial.<\/p>\r\n            <div class=\"nicdark_space20\"><\/div>\r\n            \r\n            <div class=\"nicdark_space5\"><\/div>\r\n        <\/div>\r\n    <\/div>\r\n      \r\n   [\/vc_column][vc_column][vc_empty_space][\/vc_column][\/vc_row][vc_row][vc_column]<div class=\"nicdark_divider  center big \"><span style=\"background-color:#ff0000;\" class=\"nicdark_radius\"><\/span><\/div>[\/vc_column][\/vc_row][vc_row][vc_column][vc_empty_space][\/vc_column][\/vc_row][vc_row][vc_column][vc_empty_space][\/vc_column][\/vc_row][vc_row][vc_column][vc_column_text]<\/p>\n<p>&nbsp;<\/p>\n<p>[\/vc_column_text][\/vc_column][\/vc_row][vc_section css=&#8221;.vc_custom_1693207472690{margin-bottom: 40px !important;}&#8221;][vc_row el_class=&#8221;container-logos&#8221;][vc_column][vc_single_image image=&#8221;18982&#8243; img_size=&#8221;full&#8221;][vc_single_image image=&#8221;18988&#8243; img_size=&#8221;full&#8221;][vc_single_image image=&#8221;18991&#8243; img_size=&#8221;full&#8221;][vc_single_image image=&#8221;18985&#8243; img_size=&#8221;full&#8221;][\/vc_column][\/vc_row][vc_row][vc_column][vc_empty_space height=&#8221;60px&#8221;][vc_column_text el_class=&#8221;codigo-centro&#8221;]<\/p>\n<h4 style=\"text-align: center;\">Centre Educatiu adherit a la Xarxa Educativa Complement\u00e0ria d\u2019Escoles Infantils p\u00fabliques de la Comunitat Aut\u00f2noma de les Illes Balears. Centre Educatiu autoritzat de Primer Cicle d&#8217;Educaci\u00f3 Infantil amb codi de centre:<\/h4>\n<p>&nbsp;<\/p>\n<h4 class=\"title\" style=\"text-align: center;\"><strong>07015173<\/strong><\/h4>\n<p>[\/vc_column_text][vc_empty_space][\/vc_column][\/vc_row][\/vc_section]<\/p>\n<\/div>","protected":false},"excerpt":{"rendered":"<p>[vc_row][vc_column][vc_empty_space][\/vc_column][\/vc_row][vc_row][vc_column width=&#8221;1\/2&#8243;][\/vc_column][vc_column width=&#8221;1\/2&#8243;][\/vc_column][vc_column][vc_empty_space][\/vc_column][\/vc_row][vc_row][vc_column width=&#8221;1\/2&#8243;][\/vc_column][vc_column width=&#8221;1\/2&#8243;][\/vc_column][vc_column][vc_empty_space][\/vc_column][\/vc_row][vc_row][vc_column width=&#8221;1\/2&#8243;][\/vc_column][vc_column width=&#8221;1\/2&#8243;][\/vc_column][vc_column][vc_empty_space][\/vc_column][\/vc_row][vc_row][vc_column][\/vc_column][\/vc_row][vc_row][vc_column][vc_empty_space][\/vc_column][\/vc_row][vc_row][vc_column][vc_empty_space][\/vc_column][\/vc_row][vc_row][vc_column][vc_column_text] &nbsp; [\/vc_column_text][\/vc_column][\/vc_row][vc_section css=&#8221;.vc_custom_1693207472690{margin-bottom: 40px !important;}&#8221;][vc_row el_class=&#8221;container-logos&#8221;][vc_column][vc_single_image image=&#8221;18982&#8243; img_size=&#8221;full&#8221;][vc_single_image image=&#8221;18988&#8243; img_size=&#8221;full&#8221;][vc_single_image image=&#8221;18991&#8243; img_size=&#8221;full&#8221;][vc_single_image image=&#8221;18985&#8243; img_size=&#8221;full&#8221;][\/vc_column][\/vc_row][vc_row][vc_column][vc_empty_space height=&#8221;60px&#8221;][vc_column_text el_class=&#8221;codigo-centro&#8221;] Centre Educatiu adherit a la Xarxa Educativa Complement\u00e0ria d\u2019Escoles Infantils p\u00fabliques de la Comunitat Aut\u00f2noma de les Illes Balears. Centre Educatiu autoritzat de Primer Cicle d&#8217;Educaci\u00f3 Infantil amb codi de centre: &nbsp; &#8230;<\/p>\n","protected":false},"author":1,"featured_media":0,"parent":0,"menu_order":0,"comment_status":"closed","ping_status":"open","template":"","meta":{"footnotes":""},"class_list":["post-2902","page","type-page","status-publish","hentry"],"yoast_head":"<!-- This site is optimized with the Yoast SEO plugin v21.8 - https:\/\/yoast.com\/wordpress\/plugins\/seo\/ -->\n<title>Serveis - Escoleta Blaucel<\/title>\n<meta name=\"robots\" content=\"index, follow, max-snippet:-1, max-image-preview:large, max-video-preview:-1\" \/>\n<link rel=\"canonical\" href=\"https:\/\/www.escoletablaucel.es\/ca\/serveis\/\" \/>\n<meta property=\"og:locale\" content=\"ca_ES\" \/>\n<meta property=\"og:type\" content=\"article\" \/>\n<meta property=\"og:title\" content=\"Serveis - Escoleta Blaucel\" \/>\n<meta property=\"og:description\" content=\"[vc_row][vc_column][vc_empty_space][\/vc_column][\/vc_row][vc_row][vc_column width=&#8221;1\/2&#8243;][\/vc_column][vc_column width=&#8221;1\/2&#8243;][\/vc_column][vc_column][vc_empty_space][\/vc_column][\/vc_row][vc_row][vc_column width=&#8221;1\/2&#8243;][\/vc_column][vc_column width=&#8221;1\/2&#8243;][\/vc_column][vc_column][vc_empty_space][\/vc_column][\/vc_row][vc_row][vc_column width=&#8221;1\/2&#8243;][\/vc_column][vc_column width=&#8221;1\/2&#8243;][\/vc_column][vc_column][vc_empty_space][\/vc_column][\/vc_row][vc_row][vc_column][\/vc_column][\/vc_row][vc_row][vc_column][vc_empty_space][\/vc_column][\/vc_row][vc_row][vc_column][vc_empty_space][\/vc_column][\/vc_row][vc_row][vc_column][vc_column_text] &nbsp; [\/vc_column_text][\/vc_column][\/vc_row][vc_section css=&#8221;.vc_custom_1693207472690{margin-bottom: 40px !important;}&#8221;][vc_row el_class=&#8221;container-logos&#8221;][vc_column][vc_single_image image=&#8221;18982&#8243; img_size=&#8221;full&#8221;][vc_single_image image=&#8221;18988&#8243; img_size=&#8221;full&#8221;][vc_single_image image=&#8221;18991&#8243; img_size=&#8221;full&#8221;][vc_single_image image=&#8221;18985&#8243; img_size=&#8221;full&#8221;][\/vc_column][\/vc_row][vc_row][vc_column][vc_empty_space height=&#8221;60px&#8221;][vc_column_text el_class=&#8221;codigo-centro&#8221;] Centre Educatiu adherit a la Xarxa Educativa Complement\u00e0ria d\u2019Escoles Infantils p\u00fabliques de la Comunitat Aut\u00f2noma de les Illes Balears. Centre Educatiu autoritzat de Primer Cicle d&#8217;Educaci\u00f3 Infantil amb codi de centre: &nbsp; ...\" \/>\n<meta property=\"og:url\" content=\"https:\/\/www.escoletablaucel.es\/ca\/serveis\/\" \/>\n<meta property=\"og:site_name\" content=\"Escoleta Blaucel\" \/>\n<meta property=\"article:modified_time\" content=\"2023-09-28T14:56:48+00:00\" \/>\n<meta name=\"twitter:card\" content=\"summary_large_image\" \/>\n<meta name=\"twitter:label1\" content=\"Temps estimat de lectura\" \/>\n\t<meta name=\"twitter:data1\" content=\"3 minuts\" \/>\n<script type=\"application\/ld+json\" class=\"yoast-schema-graph\">{\"@context\":\"https:\/\/schema.org\",\"@graph\":[{\"@type\":\"WebPage\",\"@id\":\"https:\/\/www.escoletablaucel.es\/ca\/serveis\/\",\"url\":\"https:\/\/www.escoletablaucel.es\/ca\/serveis\/\",\"name\":\"Serveis - Escoleta Blaucel\",\"isPartOf\":{\"@id\":\"https:\/\/www.escoletablaucel.es\/#website\"},\"datePublished\":\"2015-10-23T11:11:13+00:00\",\"dateModified\":\"2023-09-28T14:56:48+00:00\",\"breadcrumb\":{\"@id\":\"https:\/\/www.escoletablaucel.es\/ca\/serveis\/#breadcrumb\"},\"inLanguage\":\"ca\",\"potentialAction\":[{\"@type\":\"ReadAction\",\"target\":[\"https:\/\/www.escoletablaucel.es\/ca\/serveis\/\"]}]},{\"@type\":\"BreadcrumbList\",\"@id\":\"https:\/\/www.escoletablaucel.es\/ca\/serveis\/#breadcrumb\",\"itemListElement\":[{\"@type\":\"ListItem\",\"position\":1,\"name\":\"Portada\",\"item\":\"https:\/\/www.escoletablaucel.es\/ca\/\"},{\"@type\":\"ListItem\",\"position\":2,\"name\":\"Serveis\"}]},{\"@type\":\"WebSite\",\"@id\":\"https:\/\/www.escoletablaucel.es\/#website\",\"url\":\"https:\/\/www.escoletablaucel.es\/\",\"name\":\"Escoleta Blaucel\",\"description\":\"Centro de educaci\u00f3n infantil de primer ciclo\",\"potentialAction\":[{\"@type\":\"SearchAction\",\"target\":{\"@type\":\"EntryPoint\",\"urlTemplate\":\"https:\/\/www.escoletablaucel.es\/?s={search_term_string}\"},\"query-input\":\"required name=search_term_string\"}],\"inLanguage\":\"ca\"}]}<\/script>\n<!-- \/ Yoast SEO plugin. -->","yoast_head_json":{"title":"Serveis - Escoleta Blaucel","robots":{"index":"index","follow":"follow","max-snippet":"max-snippet:-1","max-image-preview":"max-image-preview:large","max-video-preview":"max-video-preview:-1"},"canonical":"https:\/\/www.escoletablaucel.es\/ca\/serveis\/","og_locale":"ca_ES","og_type":"article","og_title":"Serveis - Escoleta Blaucel","og_description":"[vc_row][vc_column][vc_empty_space][\/vc_column][\/vc_row][vc_row][vc_column width=&#8221;1\/2&#8243;][\/vc_column][vc_column width=&#8221;1\/2&#8243;][\/vc_column][vc_column][vc_empty_space][\/vc_column][\/vc_row][vc_row][vc_column width=&#8221;1\/2&#8243;][\/vc_column][vc_column width=&#8221;1\/2&#8243;][\/vc_column][vc_column][vc_empty_space][\/vc_column][\/vc_row][vc_row][vc_column width=&#8221;1\/2&#8243;][\/vc_column][vc_column width=&#8221;1\/2&#8243;][\/vc_column][vc_column][vc_empty_space][\/vc_column][\/vc_row][vc_row][vc_column][\/vc_column][\/vc_row][vc_row][vc_column][vc_empty_space][\/vc_column][\/vc_row][vc_row][vc_column][vc_empty_space][\/vc_column][\/vc_row][vc_row][vc_column][vc_column_text] &nbsp; [\/vc_column_text][\/vc_column][\/vc_row][vc_section css=&#8221;.vc_custom_1693207472690{margin-bottom: 40px !important;}&#8221;][vc_row el_class=&#8221;container-logos&#8221;][vc_column][vc_single_image image=&#8221;18982&#8243; img_size=&#8221;full&#8221;][vc_single_image image=&#8221;18988&#8243; img_size=&#8221;full&#8221;][vc_single_image image=&#8221;18991&#8243; img_size=&#8221;full&#8221;][vc_single_image image=&#8221;18985&#8243; img_size=&#8221;full&#8221;][\/vc_column][\/vc_row][vc_row][vc_column][vc_empty_space height=&#8221;60px&#8221;][vc_column_text el_class=&#8221;codigo-centro&#8221;] Centre Educatiu adherit a la Xarxa Educativa Complement\u00e0ria d\u2019Escoles Infantils p\u00fabliques de la Comunitat Aut\u00f2noma de les Illes Balears. Centre Educatiu autoritzat de Primer Cicle d&#8217;Educaci\u00f3 Infantil amb codi de centre: &nbsp; ...","og_url":"https:\/\/www.escoletablaucel.es\/ca\/serveis\/","og_site_name":"Escoleta Blaucel","article_modified_time":"2023-09-28T14:56:48+00:00","twitter_card":"summary_large_image","twitter_misc":{"Temps estimat de lectura":"3 minuts"},"schema":{"@context":"https:\/\/schema.org","@graph":[{"@type":"WebPage","@id":"https:\/\/www.escoletablaucel.es\/ca\/serveis\/","url":"https:\/\/www.escoletablaucel.es\/ca\/serveis\/","name":"Serveis - Escoleta Blaucel","isPartOf":{"@id":"https:\/\/www.escoletablaucel.es\/#website"},"datePublished":"2015-10-23T11:11:13+00:00","dateModified":"2023-09-28T14:56:48+00:00","breadcrumb":{"@id":"https:\/\/www.escoletablaucel.es\/ca\/serveis\/#breadcrumb"},"inLanguage":"ca","potentialAction":[{"@type":"ReadAction","target":["https:\/\/www.escoletablaucel.es\/ca\/serveis\/"]}]},{"@type":"BreadcrumbList","@id":"https:\/\/www.escoletablaucel.es\/ca\/serveis\/#breadcrumb","itemListElement":[{"@type":"ListItem","position":1,"name":"Portada","item":"https:\/\/www.escoletablaucel.es\/ca\/"},{"@type":"ListItem","position":2,"name":"Serveis"}]},{"@type":"WebSite","@id":"https:\/\/www.escoletablaucel.es\/#website","url":"https:\/\/www.escoletablaucel.es\/","name":"Escoleta Blaucel","description":"Centro de educaci\u00f3n infantil de primer ciclo","potentialAction":[{"@type":"SearchAction","target":{"@type":"EntryPoint","urlTemplate":"https:\/\/www.escoletablaucel.es\/?s={search_term_string}"},"query-input":"required name=search_term_string"}],"inLanguage":"ca"}]}},"_links":{"self":[{"href":"https:\/\/www.escoletablaucel.es\/ca\/wp-json\/wp\/v2\/pages\/2902","targetHints":{"allow":["GET"]}}],"collection":[{"href":"https:\/\/www.escoletablaucel.es\/ca\/wp-json\/wp\/v2\/pages"}],"about":[{"href":"https:\/\/www.escoletablaucel.es\/ca\/wp-json\/wp\/v2\/types\/page"}],"author":[{"embeddable":true,"href":"https:\/\/www.escoletablaucel.es\/ca\/wp-json\/wp\/v2\/users\/1"}],"replies":[{"embeddable":true,"href":"https:\/\/www.escoletablaucel.es\/ca\/wp-json\/wp\/v2\/comments?post=2902"}],"version-history":[{"count":60,"href":"https:\/\/www.escoletablaucel.es\/ca\/wp-json\/wp\/v2\/pages\/2902\/revisions"}],"predecessor-version":[{"id":19180,"href":"https:\/\/www.escoletablaucel.es\/ca\/wp-json\/wp\/v2\/pages\/2902\/revisions\/19180"}],"wp:attachment":[{"href":"https:\/\/www.escoletablaucel.es\/ca\/wp-json\/wp\/v2\/media?parent=2902"}],"curies":[{"name":"wp","href":"https:\/\/api.w.org\/{rel}","templated":true}]}}