{"id":2935,"date":"2015-10-23T11:12:11","date_gmt":"2015-10-23T11:12:11","guid":{"rendered":"http:\/\/www.escoletablaucel.es\/ca\/matriculacion\/"},"modified":"2023-09-28T15:00:20","modified_gmt":"2023-09-28T15:00:20","slug":"matriculacio","status":"publish","type":"page","link":"https:\/\/www.escoletablaucel.es\/ca\/matriculacio\/","title":{"rendered":"Matr\u00edcula"},"content":{"rendered":"<div class=\"wpb-content-wrapper\"><p>[vc_row][vc_column][vc_column_text][\/vc_column_text][vc_empty_space][\/vc_column][\/vc_row][vc_row css=&#8221;.vc_custom_1446037164220{margin-top: 0px !important;margin-right: 80px !important;margin-bottom: 0px !important;margin-left: 0px !important;padding-top: 0px !important;padding-right: 40px !important;padding-bottom: 0px !important;padding-left: 0px !important;}&#8221;][vc_column width=&#8221;1\/3&#8243;][vc_gallery interval=&#8221;3&#8243; images=&#8221;2867&#8243; img_size=&#8221;large&#8221; onclick=&#8221;&#8221;][\/vc_column][vc_column width=&#8221;2\/3&#8243;]<h2 style=\"color:;\" class=\" title left\">Proc\u00e9s d'escolaritzaci\u00f3 per al 1er cicle d'Educaci\u00f3 Infantil.<\/h2>[vc_empty_space height=&#8221;24px&#8221;][vc_empty_space height=&#8221;10px&#8221;][vc_btn title=&#8221;PROC\u00c9S D&#8217;ADMISSI\u00d3 I MATRICULACI\u00d3&#8221; color=&#8221;vista-blue&#8221; link=&#8221;url:https%3A%2F%2Fwww.caib.es%2Fsites%2Fprimerainfancia%2Fca%2Fsolalicituds%2F|target:_blank&#8221;][vc_empty_space height=&#8221;10px&#8221;][vc_column_text]<\/p>\n<div>Abans ens podeu telefonar al 871 71 44 32 per demanar informaci\u00f3 i concertar una cita.<\/div>\n<p>[\/vc_column_text][\/vc_column][\/vc_row][vc_row][vc_column][vc_empty_space][\/vc_column][\/vc_row][vc_row][vc_column][vc_column_text]<\/p>\n<p>&nbsp;<\/p>\n<p>[\/vc_column_text][\/vc_column][\/vc_row][vc_section css=&#8221;.vc_custom_1693207472690{margin-bottom: 40px !important;}&#8221;][vc_row el_class=&#8221;container-logos&#8221;][vc_column][vc_single_image image=&#8221;18982&#8243; img_size=&#8221;full&#8221;][vc_single_image image=&#8221;18988&#8243; img_size=&#8221;full&#8221;][vc_single_image image=&#8221;18991&#8243; img_size=&#8221;full&#8221;][vc_single_image image=&#8221;18985&#8243; img_size=&#8221;full&#8221;][\/vc_column][\/vc_row][vc_row][vc_column][vc_empty_space height=&#8221;60px&#8221;][vc_column_text el_class=&#8221;codigo-centro&#8221;]<\/p>\n<h4 style=\"text-align: center;\">Centre Educatiu adherit a la Xarxa Educativa Complement\u00e0ria d\u2019Escoles Infantils p\u00fabliques de la Comunitat Aut\u00f2noma de les Illes Balears. Centre Educatiu autoritzat de Primer Cicle d&#8217;Educaci\u00f3 Infantil amb codi de centre:<\/h4>\n<p>&nbsp;<\/p>\n<h4 class=\"title\" style=\"text-align: center;\"><strong>07015173<\/strong><\/h4>\n<p>[\/vc_column_text][vc_empty_space][\/vc_column][\/vc_row][\/vc_section]<\/p>\n<\/div>","protected":false},"excerpt":{"rendered":"<p>[vc_row][vc_column][vc_column_text][\/vc_column_text][vc_empty_space][\/vc_column][\/vc_row][vc_row css=&#8221;.vc_custom_1446037164220{margin-top: 0px !important;margin-right: 80px !important;margin-bottom: 0px !important;margin-left: 0px !important;padding-top: 0px !important;padding-right: 40px !important;padding-bottom: 0px !important;padding-left: 0px !important;}&#8221;][vc_column width=&#8221;1\/3&#8243;][vc_gallery interval=&#8221;3&#8243; images=&#8221;2867&#8243; img_size=&#8221;large&#8221; onclick=&#8221;&#8221;][\/vc_column][vc_column width=&#8221;2\/3&#8243;][vc_empty_space height=&#8221;24px&#8221;][vc_empty_space height=&#8221;10px&#8221;][vc_btn title=&#8221;PROC\u00c9S D&#8217;ADMISSI\u00d3 I MATRICULACI\u00d3&#8221; color=&#8221;vista-blue&#8221; link=&#8221;url:https%3A%2F%2Fwww.caib.es%2Fsites%2Fprimerainfancia%2Fca%2Fsolalicituds%2F|target:_blank&#8221;][vc_empty_space height=&#8221;10px&#8221;][vc_column_text] Abans ens podeu telefonar al 871 71 44 32 per demanar informaci\u00f3 i concertar una cita. [\/vc_column_text][\/vc_column][\/vc_row][vc_row][vc_column][vc_empty_space][\/vc_column][\/vc_row][vc_row][vc_column][vc_column_text] &nbsp; [\/vc_column_text][\/vc_column][\/vc_row][vc_section css=&#8221;.vc_custom_1693207472690{margin-bottom: 40px !important;}&#8221;][vc_row &#8230;<\/p>\n","protected":false},"author":1,"featured_media":0,"parent":0,"menu_order":0,"comment_status":"closed","ping_status":"open","template":"","meta":{"footnotes":""},"class_list":["post-2935","page","type-page","status-publish","hentry"],"yoast_head":"<!-- This site is optimized with the Yoast SEO plugin v21.8 - https:\/\/yoast.com\/wordpress\/plugins\/seo\/ -->\n<title>Matr\u00edcula - Escoleta Blaucel<\/title>\n<meta name=\"robots\" content=\"index, follow, max-snippet:-1, max-image-preview:large, max-video-preview:-1\" \/>\n<link rel=\"canonical\" href=\"https:\/\/www.escoletablaucel.es\/ca\/matriculacio\/\" \/>\n<meta property=\"og:locale\" content=\"ca_ES\" \/>\n<meta property=\"og:type\" content=\"article\" \/>\n<meta property=\"og:title\" content=\"Matr\u00edcula - Escoleta Blaucel\" \/>\n<meta property=\"og:description\" content=\"[vc_row][vc_column][vc_column_text][\/vc_column_text][vc_empty_space][\/vc_column][\/vc_row][vc_row css=&#8221;.vc_custom_1446037164220{margin-top: 0px !important;margin-right: 80px !important;margin-bottom: 0px !important;margin-left: 0px !important;padding-top: 0px !important;padding-right: 40px !important;padding-bottom: 0px !important;padding-left: 0px !important;}&#8221;][vc_column width=&#8221;1\/3&#8243;][vc_gallery interval=&#8221;3&#8243; images=&#8221;2867&#8243; img_size=&#8221;large&#8221; onclick=&#8221;&#8221;][\/vc_column][vc_column width=&#8221;2\/3&#8243;][vc_empty_space height=&#8221;24px&#8221;][vc_empty_space height=&#8221;10px&#8221;][vc_btn title=&#8221;PROC\u00c9S D&#8217;ADMISSI\u00d3 I MATRICULACI\u00d3&#8221; color=&#8221;vista-blue&#8221; link=&#8221;url:https%3A%2F%2Fwww.caib.es%2Fsites%2Fprimerainfancia%2Fca%2Fsolalicituds%2F|target:_blank&#8221;][vc_empty_space height=&#8221;10px&#8221;][vc_column_text] Abans ens podeu telefonar al 871 71 44 32 per demanar informaci\u00f3 i concertar una cita. [\/vc_column_text][\/vc_column][\/vc_row][vc_row][vc_column][vc_empty_space][\/vc_column][\/vc_row][vc_row][vc_column][vc_column_text] &nbsp; [\/vc_column_text][\/vc_column][\/vc_row][vc_section css=&#8221;.vc_custom_1693207472690{margin-bottom: 40px !important;}&#8221;][vc_row ...\" \/>\n<meta property=\"og:url\" content=\"https:\/\/www.escoletablaucel.es\/ca\/matriculacio\/\" \/>\n<meta property=\"og:site_name\" content=\"Escoleta Blaucel\" \/>\n<meta property=\"article:modified_time\" content=\"2023-09-28T15:00:20+00:00\" \/>\n<meta name=\"twitter:card\" content=\"summary_large_image\" \/>\n<meta name=\"twitter:label1\" content=\"Temps estimat de lectura\" \/>\n\t<meta name=\"twitter:data1\" content=\"1 minut\" \/>\n<script type=\"application\/ld+json\" class=\"yoast-schema-graph\">{\"@context\":\"https:\/\/schema.org\",\"@graph\":[{\"@type\":\"WebPage\",\"@id\":\"https:\/\/www.escoletablaucel.es\/ca\/matriculacio\/\",\"url\":\"https:\/\/www.escoletablaucel.es\/ca\/matriculacio\/\",\"name\":\"Matr\u00edcula - Escoleta Blaucel\",\"isPartOf\":{\"@id\":\"https:\/\/www.escoletablaucel.es\/#website\"},\"datePublished\":\"2015-10-23T11:12:11+00:00\",\"dateModified\":\"2023-09-28T15:00:20+00:00\",\"breadcrumb\":{\"@id\":\"https:\/\/www.escoletablaucel.es\/ca\/matriculacio\/#breadcrumb\"},\"inLanguage\":\"ca\",\"potentialAction\":[{\"@type\":\"ReadAction\",\"target\":[\"https:\/\/www.escoletablaucel.es\/ca\/matriculacio\/\"]}]},{\"@type\":\"BreadcrumbList\",\"@id\":\"https:\/\/www.escoletablaucel.es\/ca\/matriculacio\/#breadcrumb\",\"itemListElement\":[{\"@type\":\"ListItem\",\"position\":1,\"name\":\"Portada\",\"item\":\"https:\/\/www.escoletablaucel.es\/ca\/\"},{\"@type\":\"ListItem\",\"position\":2,\"name\":\"Matr\u00edcula\"}]},{\"@type\":\"WebSite\",\"@id\":\"https:\/\/www.escoletablaucel.es\/#website\",\"url\":\"https:\/\/www.escoletablaucel.es\/\",\"name\":\"Escoleta Blaucel\",\"description\":\"Centro de educaci\u00f3n infantil de primer ciclo\",\"potentialAction\":[{\"@type\":\"SearchAction\",\"target\":{\"@type\":\"EntryPoint\",\"urlTemplate\":\"https:\/\/www.escoletablaucel.es\/?s={search_term_string}\"},\"query-input\":\"required name=search_term_string\"}],\"inLanguage\":\"ca\"}]}<\/script>\n<!-- \/ Yoast SEO plugin. -->","yoast_head_json":{"title":"Matr\u00edcula - Escoleta Blaucel","robots":{"index":"index","follow":"follow","max-snippet":"max-snippet:-1","max-image-preview":"max-image-preview:large","max-video-preview":"max-video-preview:-1"},"canonical":"https:\/\/www.escoletablaucel.es\/ca\/matriculacio\/","og_locale":"ca_ES","og_type":"article","og_title":"Matr\u00edcula - Escoleta Blaucel","og_description":"[vc_row][vc_column][vc_column_text][\/vc_column_text][vc_empty_space][\/vc_column][\/vc_row][vc_row css=&#8221;.vc_custom_1446037164220{margin-top: 0px !important;margin-right: 80px !important;margin-bottom: 0px !important;margin-left: 0px !important;padding-top: 0px !important;padding-right: 40px !important;padding-bottom: 0px !important;padding-left: 0px !important;}&#8221;][vc_column width=&#8221;1\/3&#8243;][vc_gallery interval=&#8221;3&#8243; images=&#8221;2867&#8243; img_size=&#8221;large&#8221; onclick=&#8221;&#8221;][\/vc_column][vc_column width=&#8221;2\/3&#8243;][vc_empty_space height=&#8221;24px&#8221;][vc_empty_space height=&#8221;10px&#8221;][vc_btn title=&#8221;PROC\u00c9S D&#8217;ADMISSI\u00d3 I MATRICULACI\u00d3&#8221; color=&#8221;vista-blue&#8221; link=&#8221;url:https%3A%2F%2Fwww.caib.es%2Fsites%2Fprimerainfancia%2Fca%2Fsolalicituds%2F|target:_blank&#8221;][vc_empty_space height=&#8221;10px&#8221;][vc_column_text] Abans ens podeu telefonar al 871 71 44 32 per demanar informaci\u00f3 i concertar una cita. [\/vc_column_text][\/vc_column][\/vc_row][vc_row][vc_column][vc_empty_space][\/vc_column][\/vc_row][vc_row][vc_column][vc_column_text] &nbsp; [\/vc_column_text][\/vc_column][\/vc_row][vc_section css=&#8221;.vc_custom_1693207472690{margin-bottom: 40px !important;}&#8221;][vc_row ...","og_url":"https:\/\/www.escoletablaucel.es\/ca\/matriculacio\/","og_site_name":"Escoleta Blaucel","article_modified_time":"2023-09-28T15:00:20+00:00","twitter_card":"summary_large_image","twitter_misc":{"Temps estimat de lectura":"1 minut"},"schema":{"@context":"https:\/\/schema.org","@graph":[{"@type":"WebPage","@id":"https:\/\/www.escoletablaucel.es\/ca\/matriculacio\/","url":"https:\/\/www.escoletablaucel.es\/ca\/matriculacio\/","name":"Matr\u00edcula - Escoleta Blaucel","isPartOf":{"@id":"https:\/\/www.escoletablaucel.es\/#website"},"datePublished":"2015-10-23T11:12:11+00:00","dateModified":"2023-09-28T15:00:20+00:00","breadcrumb":{"@id":"https:\/\/www.escoletablaucel.es\/ca\/matriculacio\/#breadcrumb"},"inLanguage":"ca","potentialAction":[{"@type":"ReadAction","target":["https:\/\/www.escoletablaucel.es\/ca\/matriculacio\/"]}]},{"@type":"BreadcrumbList","@id":"https:\/\/www.escoletablaucel.es\/ca\/matriculacio\/#breadcrumb","itemListElement":[{"@type":"ListItem","position":1,"name":"Portada","item":"https:\/\/www.escoletablaucel.es\/ca\/"},{"@type":"ListItem","position":2,"name":"Matr\u00edcula"}]},{"@type":"WebSite","@id":"https:\/\/www.escoletablaucel.es\/#website","url":"https:\/\/www.escoletablaucel.es\/","name":"Escoleta Blaucel","description":"Centro de educaci\u00f3n infantil de primer ciclo","potentialAction":[{"@type":"SearchAction","target":{"@type":"EntryPoint","urlTemplate":"https:\/\/www.escoletablaucel.es\/?s={search_term_string}"},"query-input":"required name=search_term_string"}],"inLanguage":"ca"}]}},"_links":{"self":[{"href":"https:\/\/www.escoletablaucel.es\/ca\/wp-json\/wp\/v2\/pages\/2935","targetHints":{"allow":["GET"]}}],"collection":[{"href":"https:\/\/www.escoletablaucel.es\/ca\/wp-json\/wp\/v2\/pages"}],"about":[{"href":"https:\/\/www.escoletablaucel.es\/ca\/wp-json\/wp\/v2\/types\/page"}],"author":[{"embeddable":true,"href":"https:\/\/www.escoletablaucel.es\/ca\/wp-json\/wp\/v2\/users\/1"}],"replies":[{"embeddable":true,"href":"https:\/\/www.escoletablaucel.es\/ca\/wp-json\/wp\/v2\/comments?post=2935"}],"version-history":[{"count":16,"href":"https:\/\/www.escoletablaucel.es\/ca\/wp-json\/wp\/v2\/pages\/2935\/revisions"}],"predecessor-version":[{"id":19185,"href":"https:\/\/www.escoletablaucel.es\/ca\/wp-json\/wp\/v2\/pages\/2935\/revisions\/19185"}],"wp:attachment":[{"href":"https:\/\/www.escoletablaucel.es\/ca\/wp-json\/wp\/v2\/media?parent=2935"}],"curies":[{"name":"wp","href":"https:\/\/api.w.org\/{rel}","templated":true}]}}