{"id":2938,"date":"2015-10-23T11:12:35","date_gmt":"2015-10-23T11:12:35","guid":{"rendered":"http:\/\/www.escoletablaucel.es\/ca\/contacto\/"},"modified":"2023-09-28T15:00:53","modified_gmt":"2023-09-28T15:00:53","slug":"contacte","status":"publish","type":"page","link":"https:\/\/www.escoletablaucel.es\/ca\/contacte\/","title":{"rendered":"Contacte"},"content":{"rendered":"<div class=\"wpb-content-wrapper\"><p>[vc_row css=&#8221;.vc_custom_1422889461154{margin-top: 60px !important;margin-bottom: 60px !important;}&#8221; idsection=&#8221;info-row-contact&#8221;][vc_column width=&#8221;1\/3&#8243;][vc_row_inner][vc_column_inner el_class=&#8221;nicdark_radius nicdark_shadow nicdark_bg_grey&#8221; css=&#8221;.vc_custom_1421226288661{padding-top: 20px !important;padding-left: 20px !important;}&#8221;]\r\n\r\n    <div class=\" nicdark_archive1 nicdark_relative\">\r\n        \r\n        <a target=\"\" href=\"\" class=\"nicdark_btn_icon nicdark_bg_yellow extrabig nicdark_radius_circle white nicdark_absolute nicdark_shadow\"><i class=\"icon-location-outline\"><\/i><\/a>\r\n    \r\n        <div class=\"nicdark_activity nicdark_marginleft100\">\r\n            <h4>ESCOLETA<\/h4>                        \r\n            <div class=\"nicdark_space20\"><\/div>\r\n            <p>Avenida Jaume II, 89<br \/>\n07300 Inca, Illes Balears<\/p>\r\n            <div class=\"nicdark_space20\"><\/div>\r\n            \r\n            <div class=\"nicdark_space5\"><\/div>\r\n        <\/div>\r\n    <\/div>\r\n      \r\n   [\/vc_column_inner][\/vc_row_inner][vc_row_inner][vc_column_inner][vc_empty_space height=&#8221;20px&#8221;][\/vc_column_inner][\/vc_row_inner][vc_row_inner][vc_column_inner el_class=&#8221;nicdark_radius nicdark_shadow nicdark_bg_grey&#8221; css=&#8221;.vc_custom_1421226288661{padding-top: 20px !important;padding-left: 20px !important;}&#8221;]\r\n\r\n    <div class=\" nicdark_archive1 nicdark_relative\">\r\n        \r\n        <a target=\"\" href=\"\" class=\"nicdark_btn_icon nicdark_bg_orange extrabig nicdark_radius_circle white nicdark_absolute nicdark_shadow\"><i class=\"icon-phone-1\"><\/i><\/a>\r\n    \r\n        <div class=\"nicdark_activity nicdark_marginleft100\">\r\n            <h4>TEL\u00c8FON<\/h4>                        \r\n            <div class=\"nicdark_space20\"><\/div>\r\n            <p>871 71 44 32<\/p>\r\n            <div class=\"nicdark_space20\"><\/div>\r\n            \r\n            <div class=\"nicdark_space5\"><\/div>\r\n        <\/div>\r\n    <\/div>\r\n      \r\n   [\/vc_column_inner][\/vc_row_inner][vc_row_inner][vc_column_inner][vc_empty_space height=&#8221;20px&#8221;][\/vc_column_inner][\/vc_row_inner][vc_row_inner][vc_column_inner el_class=&#8221;nicdark_radius nicdark_shadow nicdark_bg_grey&#8221; css=&#8221;.vc_custom_1422373396926{padding-top: 20px !important;padding-left: 20px !important;}&#8221;]\r\n\r\n    <div class=\"white nicdark_archive1 nicdark_relative\">\r\n        \r\n        <a target=\"_blank\" href=\"https:\/\/www.facebook.com\/EscoletaBlaucel\/\" class=\"nicdark_btn_icon nicdark_bg_blue extrabig nicdark_radius_circle white nicdark_absolute nicdark_shadow\"><i class=\"icon-facebook\"><\/i><\/a>\r\n    \r\n        <div class=\"nicdark_activity nicdark_marginleft100\">\r\n            <h4>FACEBOOK<\/h4>                        \r\n            <div class=\"nicdark_space20\"><\/div>\r\n            <p>P\u00e0gina de fans<\/p>\r\n            <div class=\"nicdark_space20\"><\/div>\r\n             <a target=\"_blank\" href=\"https:\/\/www.facebook.com\/EscoletaBlaucel\/\" class=\"nicdark_btn grey\"><i class=\"icon-right-open-outline\"><\/i> Ir<\/a> \r\n            <div class=\"nicdark_space5\"><\/div>\r\n        <\/div>\r\n    <\/div>\r\n      \r\n   [\/vc_column_inner][\/vc_row_inner][vc_empty_space height=&#8221;20px&#8221;][vc_row_inner][vc_column_inner el_class=&#8221;nicdark_radius nicdark_shadow nicdark_bg_grey&#8221; css=&#8221;.vc_custom_1422373396926{padding-top: 20px !important;padding-left: 20px !important;}&#8221;]\r\n\r\n    <div class=\"white nicdark_archive1 nicdark_relative\">\r\n        \r\n        <a target=\"_blank\" href=\"https:\/\/instagram.com\/escoletablaucel\" class=\"nicdark_btn_icon nicdark_bg_green extrabig nicdark_radius_circle white nicdark_absolute nicdark_shadow\"><i class=\"icon-instagramm\"><\/i><\/a>\r\n    \r\n        <div class=\"nicdark_activity nicdark_marginleft100\">\r\n            <h4>INSTAGRAM<\/h4>                        \r\n            <div class=\"nicdark_space20\"><\/div>\r\n            <p>P\u00e0gina de fans<\/p>\r\n            <div class=\"nicdark_space20\"><\/div>\r\n             <a target=\"_blank\" href=\"https:\/\/instagram.com\/escoletablaucel\" class=\"nicdark_btn grey\"><i class=\"icon-right-open-outline\"><\/i> Ir<\/a> \r\n            <div class=\"nicdark_space5\"><\/div>\r\n        <\/div>\r\n    <\/div>\r\n      \r\n   [\/vc_column_inner][\/vc_row_inner][vc_row_inner][vc_column_inner][\/vc_column_inner][\/vc_row_inner][vc_row_inner][vc_column_inner][vc_empty_space height=&#8221;20px&#8221;][\/vc_column_inner][\/vc_row_inner][vc_row_inner][vc_column_inner el_class=&#8221;nicdark_radius nicdark_shadow nicdark_bg_grey&#8221; css=&#8221;.vc_custom_1422373396926{padding-top: 20px !important;padding-left: 20px !important;}&#8221;]\r\n\r\n    <div class=\"white nicdark_archive1 nicdark_relative\">\r\n        \r\n        <a target=\"\" href=\"mailto:escoletablaucel@gmail.com\" class=\"nicdark_btn_icon nicdark_bg_violet extrabig nicdark_radius_circle white nicdark_absolute nicdark_shadow\"><i class=\"icon-mail-1\"><\/i><\/a>\r\n    \r\n        <div class=\"nicdark_activity nicdark_marginleft100\">\r\n            <h4>CORREU<\/h4>                        \r\n            <div class=\"nicdark_space20\"><\/div>\r\n            <p>escoletablaucel@gmail.com<\/p>\r\n            <div class=\"nicdark_space20\"><\/div>\r\n             <a target=\"\" href=\"mailto:escoletablaucel@gmail.com\" class=\"nicdark_btn grey\"><i class=\"icon-right-open-outline\"><\/i> Enviar<\/a> \r\n            <div class=\"nicdark_space5\"><\/div>\r\n        <\/div>\r\n    <\/div>\r\n      \r\n   [\/vc_column_inner][\/vc_row_inner][vc_row_inner][vc_column_inner][vc_empty_space height=&#8221;20px&#8221;][\/vc_column_inner][\/vc_row_inner][vc_row_inner][vc_column_inner][vc_empty_space height=&#8221;20px&#8221;][\/vc_column_inner][\/vc_row_inner][\/vc_column][vc_column width=&#8221;2\/3&#8243;][vc_wp_text title=&#8221;CONTACTANS&#8221;]\n<div class=\"wpcf7 no-js\" id=\"wpcf7-f2939-o1\" lang=\"en-US\" dir=\"ltr\">\n<div class=\"screen-reader-response\"><p role=\"status\" aria-live=\"polite\" aria-atomic=\"true\"><\/p> <ul><\/ul><\/div>\n<form action=\"\/ca\/wp-json\/wp\/v2\/pages\/2938#wpcf7-f2939-o1\" method=\"post\" class=\"wpcf7-form init\" aria-label=\"Contact form\" novalidate=\"novalidate\" data-status=\"init\">\n<div style=\"display: none;\">\n<input type=\"hidden\" name=\"_wpcf7\" value=\"2939\" \/>\n<input type=\"hidden\" name=\"_wpcf7_version\" value=\"5.8.5\" \/>\n<input type=\"hidden\" name=\"_wpcf7_locale\" value=\"en_US\" \/>\n<input type=\"hidden\" name=\"_wpcf7_unit_tag\" value=\"wpcf7-f2939-o1\" \/>\n<input type=\"hidden\" name=\"_wpcf7_container_post\" value=\"0\" \/>\n<input type=\"hidden\" name=\"_wpcf7_posted_data_hash\" value=\"\" \/>\n<\/div>\n<p>El teu nom (obligatori)\n<\/p>\n<p><span class=\"wpcf7-form-control-wrap\" data-name=\"your-name\"><input size=\"40\" class=\"wpcf7-form-control wpcf7-text wpcf7-validates-as-required\" aria-required=\"true\" aria-invalid=\"false\" value=\"\" type=\"text\" name=\"your-name\" \/><\/span>\n<\/p>\n<p>El teu correu (obligatori)\n<\/p>\n<p><span class=\"wpcf7-form-control-wrap\" data-name=\"your-email\"><input size=\"40\" class=\"wpcf7-form-control wpcf7-email wpcf7-validates-as-required wpcf7-text wpcf7-validates-as-email\" aria-required=\"true\" aria-invalid=\"false\" value=\"\" type=\"email\" name=\"your-email\" \/><\/span>\n<\/p>\n<p>Asumpte\n<\/p>\n<p><span class=\"wpcf7-form-control-wrap\" data-name=\"your-subject\"><input size=\"40\" class=\"wpcf7-form-control wpcf7-text\" aria-invalid=\"false\" value=\"\" type=\"text\" name=\"your-subject\" \/><\/span>\n<\/p>\n<p>El teu missatge\n<\/p>\n<p><span class=\"wpcf7-form-control-wrap\" data-name=\"your-message\"><textarea cols=\"40\" rows=\"10\" class=\"wpcf7-form-control wpcf7-textarea\" aria-invalid=\"false\" name=\"your-message\"><\/textarea><\/span>\n<\/p>\n<p><input class=\"wpcf7-form-control wpcf7-submit has-spinner\" type=\"submit\" value=\"Enviar\" \/>\n<\/p><div class=\"wpcf7-response-output\" aria-hidden=\"true\"><\/div>\n<\/form>\n<\/div>\n[\/vc_wp_text][\/vc_column][\/vc_row][vc_row][vc_column][\/vc_column][\/vc_row][vc_row row_style=&#8221;full_width&#8221;][vc_column css=&#8221;.vc_custom_1424187498804{margin: 0px !important;padding: 0px !important;}&#8221;][vc_gmaps link=&#8221;#E-8_JTNDaWZyYW1lJTIwc3JjJTNEJTIyaHR0cHMlM0ElMkYlMkZ3d3cuZ29vZ2xlLmNvbSUyRm1hcHMlMkZlbWJlZCUzRnBiJTNEJTIxMW0xOCUyMTFtMTIlMjExbTMlMjExZDMwNjguNzc4OTg1NjU5MDI1JTIxMmQyLjkxNjMwMTUxNTU3OTY0NjMlMjEzZDM5LjcyMjE0OTQwNTUxMTI0JTIxMm0zJTIxMWYwJTIxMmYwJTIxM2YwJTIxM20yJTIxMWkxMDI0JTIxMmk3NjglMjE0ZjEzLjElMjEzbTMlMjExbTIlMjExczB4MTI5N2M1YzcxMzRhMzU4ZiUyNTNBMHhjNmE3NjNkNjkyZDY4Yzg1JTIxMnNFc2NvbGV0YSUyQkJsYXVjZWwlMjE1ZTAlMjEzbTIlMjExc2VzJTIxMnNlcyUyMTR2MTQ0NjAzODI0OTU5NCUyMiUyMHdpZHRoJTNEJTIyNjAwJTIyJTIwaGVpZ2h0JTNEJTIyNDUwJTIyJTIwZnJhbWVib3JkZXIlM0QlMjIwJTIyJTIwc3R5bGUlM0QlMjJib3JkZXIlM0EwJTIyJTIwYWxsb3dmdWxsc2NyZWVuJTNFJTNDJTJGaWZyYW1lJTNF&#8221; size=&#8221;270&#8243;][\/vc_column][\/vc_row][vc_row][vc_column][vc_column_text]<\/p>\n<p>&nbsp;<\/p>\n<p>&nbsp;<\/p>\n<p>&nbsp;<\/p>\n<p>[\/vc_column_text][\/vc_column][\/vc_row][vc_section css=&#8221;.vc_custom_1693207472690{margin-bottom: 40px !important;}&#8221;][vc_row el_class=&#8221;container-logos&#8221;][vc_column][vc_single_image image=&#8221;18982&#8243; img_size=&#8221;full&#8221;][vc_single_image image=&#8221;18988&#8243; img_size=&#8221;full&#8221;][vc_single_image image=&#8221;18991&#8243; img_size=&#8221;full&#8221;][vc_single_image image=&#8221;18985&#8243; img_size=&#8221;full&#8221;][\/vc_column][\/vc_row][vc_row][vc_column][vc_empty_space height=&#8221;60px&#8221;][vc_column_text el_class=&#8221;codigo-centro&#8221;]<\/p>\n<h4 style=\"text-align: center;\">Centre Educatiu adherit a la Xarxa Educativa Complement\u00e0ria d\u2019Escoles Infantils p\u00fabliques de la Comunitat Aut\u00f2noma de les Illes Balears. Centre Educatiu autoritzat de Primer Cicle d&#8217;Educaci\u00f3 Infantil amb codi de centre:<\/h4>\n<p>&nbsp;<\/p>\n<h4 class=\"title\" style=\"text-align: center;\"><strong>07015173<\/strong><\/h4>\n<p>[\/vc_column_text][vc_empty_space][\/vc_column][\/vc_row][\/vc_section]<\/p>\n<\/div>","protected":false},"excerpt":{"rendered":"<p>[vc_row css=&#8221;.vc_custom_1422889461154{margin-top: 60px !important;margin-bottom: 60px !important;}&#8221; idsection=&#8221;info-row-contact&#8221;][vc_column width=&#8221;1\/3&#8243;][vc_row_inner][vc_column_inner el_class=&#8221;nicdark_radius nicdark_shadow nicdark_bg_grey&#8221; css=&#8221;.vc_custom_1421226288661{padding-top: 20px !important;padding-left: 20px !important;}&#8221;][\/vc_column_inner][\/vc_row_inner][vc_row_inner][vc_column_inner][vc_empty_space height=&#8221;20px&#8221;][\/vc_column_inner][\/vc_row_inner][vc_row_inner][vc_column_inner el_class=&#8221;nicdark_radius nicdark_shadow nicdark_bg_grey&#8221; css=&#8221;.vc_custom_1421226288661{padding-top: 20px !important;padding-left: 20px !important;}&#8221;][\/vc_column_inner][\/vc_row_inner][vc_row_inner][vc_column_inner][vc_empty_space height=&#8221;20px&#8221;][\/vc_column_inner][\/vc_row_inner][vc_row_inner][vc_column_inner el_class=&#8221;nicdark_radius nicdark_shadow nicdark_bg_grey&#8221; css=&#8221;.vc_custom_1422373396926{padding-top: 20px !important;padding-left: 20px !important;}&#8221;][\/vc_column_inner][\/vc_row_inner][vc_empty_space height=&#8221;20px&#8221;][vc_row_inner][vc_column_inner el_class=&#8221;nicdark_radius nicdark_shadow nicdark_bg_grey&#8221; css=&#8221;.vc_custom_1422373396926{padding-top: 20px !important;padding-left: 20px !important;}&#8221;][\/vc_column_inner][\/vc_row_inner][vc_row_inner][vc_column_inner][\/vc_column_inner][\/vc_row_inner][vc_row_inner][vc_column_inner][vc_empty_space height=&#8221;20px&#8221;][\/vc_column_inner][\/vc_row_inner][vc_row_inner][vc_column_inner el_class=&#8221;nicdark_radius nicdark_shadow nicdark_bg_grey&#8221; css=&#8221;.vc_custom_1422373396926{padding-top: 20px !important;padding-left: 20px !important;}&#8221;][\/vc_column_inner][\/vc_row_inner][vc_row_inner][vc_column_inner][vc_empty_space height=&#8221;20px&#8221;][\/vc_column_inner][\/vc_row_inner][vc_row_inner][vc_column_inner][vc_empty_space height=&#8221;20px&#8221;][\/vc_column_inner][\/vc_row_inner][\/vc_column][vc_column width=&#8221;2\/3&#8243;][vc_wp_text &#8230;<\/p>\n","protected":false},"author":1,"featured_media":0,"parent":0,"menu_order":0,"comment_status":"closed","ping_status":"open","template":"","meta":{"footnotes":""},"class_list":["post-2938","page","type-page","status-publish","hentry"],"yoast_head":"<!-- This site is optimized with the Yoast SEO plugin v21.8 - https:\/\/yoast.com\/wordpress\/plugins\/seo\/ -->\n<title>Contacte - Escoleta Blaucel<\/title>\n<meta name=\"robots\" content=\"index, follow, max-snippet:-1, max-image-preview:large, max-video-preview:-1\" \/>\n<link rel=\"canonical\" href=\"https:\/\/www.escoletablaucel.es\/ca\/contacte\/\" \/>\n<meta property=\"og:locale\" content=\"ca_ES\" \/>\n<meta property=\"og:type\" content=\"article\" \/>\n<meta property=\"og:title\" content=\"Contacte - Escoleta Blaucel\" \/>\n<meta property=\"og:description\" content=\"[vc_row css=&#8221;.vc_custom_1422889461154{margin-top: 60px !important;margin-bottom: 60px !important;}&#8221; idsection=&#8221;info-row-contact&#8221;][vc_column width=&#8221;1\/3&#8243;][vc_row_inner][vc_column_inner el_class=&#8221;nicdark_radius nicdark_shadow nicdark_bg_grey&#8221; css=&#8221;.vc_custom_1421226288661{padding-top: 20px !important;padding-left: 20px !important;}&#8221;][\/vc_column_inner][\/vc_row_inner][vc_row_inner][vc_column_inner][vc_empty_space height=&#8221;20px&#8221;][\/vc_column_inner][\/vc_row_inner][vc_row_inner][vc_column_inner el_class=&#8221;nicdark_radius nicdark_shadow nicdark_bg_grey&#8221; css=&#8221;.vc_custom_1421226288661{padding-top: 20px !important;padding-left: 20px !important;}&#8221;][\/vc_column_inner][\/vc_row_inner][vc_row_inner][vc_column_inner][vc_empty_space height=&#8221;20px&#8221;][\/vc_column_inner][\/vc_row_inner][vc_row_inner][vc_column_inner el_class=&#8221;nicdark_radius nicdark_shadow nicdark_bg_grey&#8221; css=&#8221;.vc_custom_1422373396926{padding-top: 20px !important;padding-left: 20px !important;}&#8221;][\/vc_column_inner][\/vc_row_inner][vc_empty_space height=&#8221;20px&#8221;][vc_row_inner][vc_column_inner el_class=&#8221;nicdark_radius nicdark_shadow nicdark_bg_grey&#8221; css=&#8221;.vc_custom_1422373396926{padding-top: 20px !important;padding-left: 20px !important;}&#8221;][\/vc_column_inner][\/vc_row_inner][vc_row_inner][vc_column_inner][\/vc_column_inner][\/vc_row_inner][vc_row_inner][vc_column_inner][vc_empty_space height=&#8221;20px&#8221;][\/vc_column_inner][\/vc_row_inner][vc_row_inner][vc_column_inner el_class=&#8221;nicdark_radius nicdark_shadow nicdark_bg_grey&#8221; css=&#8221;.vc_custom_1422373396926{padding-top: 20px !important;padding-left: 20px !important;}&#8221;][\/vc_column_inner][\/vc_row_inner][vc_row_inner][vc_column_inner][vc_empty_space height=&#8221;20px&#8221;][\/vc_column_inner][\/vc_row_inner][vc_row_inner][vc_column_inner][vc_empty_space height=&#8221;20px&#8221;][\/vc_column_inner][\/vc_row_inner][\/vc_column][vc_column width=&#8221;2\/3&#8243;][vc_wp_text ...\" \/>\n<meta property=\"og:url\" content=\"https:\/\/www.escoletablaucel.es\/ca\/contacte\/\" \/>\n<meta property=\"og:site_name\" content=\"Escoleta Blaucel\" \/>\n<meta property=\"article:modified_time\" content=\"2023-09-28T15:00:53+00:00\" \/>\n<meta name=\"twitter:card\" content=\"summary_large_image\" \/>\n<meta name=\"twitter:label1\" content=\"Temps estimat de lectura\" \/>\n\t<meta name=\"twitter:data1\" content=\"3 minuts\" \/>\n<script type=\"application\/ld+json\" class=\"yoast-schema-graph\">{\"@context\":\"https:\/\/schema.org\",\"@graph\":[{\"@type\":\"WebPage\",\"@id\":\"https:\/\/www.escoletablaucel.es\/ca\/contacte\/\",\"url\":\"https:\/\/www.escoletablaucel.es\/ca\/contacte\/\",\"name\":\"Contacte - Escoleta Blaucel\",\"isPartOf\":{\"@id\":\"https:\/\/www.escoletablaucel.es\/#website\"},\"datePublished\":\"2015-10-23T11:12:35+00:00\",\"dateModified\":\"2023-09-28T15:00:53+00:00\",\"breadcrumb\":{\"@id\":\"https:\/\/www.escoletablaucel.es\/ca\/contacte\/#breadcrumb\"},\"inLanguage\":\"ca\",\"potentialAction\":[{\"@type\":\"ReadAction\",\"target\":[\"https:\/\/www.escoletablaucel.es\/ca\/contacte\/\"]}]},{\"@type\":\"BreadcrumbList\",\"@id\":\"https:\/\/www.escoletablaucel.es\/ca\/contacte\/#breadcrumb\",\"itemListElement\":[{\"@type\":\"ListItem\",\"position\":1,\"name\":\"Portada\",\"item\":\"https:\/\/www.escoletablaucel.es\/ca\/\"},{\"@type\":\"ListItem\",\"position\":2,\"name\":\"Contacte\"}]},{\"@type\":\"WebSite\",\"@id\":\"https:\/\/www.escoletablaucel.es\/#website\",\"url\":\"https:\/\/www.escoletablaucel.es\/\",\"name\":\"Escoleta Blaucel\",\"description\":\"Centro de educaci\u00f3n infantil de primer ciclo\",\"potentialAction\":[{\"@type\":\"SearchAction\",\"target\":{\"@type\":\"EntryPoint\",\"urlTemplate\":\"https:\/\/www.escoletablaucel.es\/?s={search_term_string}\"},\"query-input\":\"required name=search_term_string\"}],\"inLanguage\":\"ca\"}]}<\/script>\n<!-- \/ Yoast SEO plugin. -->","yoast_head_json":{"title":"Contacte - Escoleta Blaucel","robots":{"index":"index","follow":"follow","max-snippet":"max-snippet:-1","max-image-preview":"max-image-preview:large","max-video-preview":"max-video-preview:-1"},"canonical":"https:\/\/www.escoletablaucel.es\/ca\/contacte\/","og_locale":"ca_ES","og_type":"article","og_title":"Contacte - Escoleta Blaucel","og_description":"[vc_row css=&#8221;.vc_custom_1422889461154{margin-top: 60px !important;margin-bottom: 60px !important;}&#8221; idsection=&#8221;info-row-contact&#8221;][vc_column width=&#8221;1\/3&#8243;][vc_row_inner][vc_column_inner el_class=&#8221;nicdark_radius nicdark_shadow nicdark_bg_grey&#8221; css=&#8221;.vc_custom_1421226288661{padding-top: 20px !important;padding-left: 20px !important;}&#8221;][\/vc_column_inner][\/vc_row_inner][vc_row_inner][vc_column_inner][vc_empty_space height=&#8221;20px&#8221;][\/vc_column_inner][\/vc_row_inner][vc_row_inner][vc_column_inner el_class=&#8221;nicdark_radius nicdark_shadow nicdark_bg_grey&#8221; css=&#8221;.vc_custom_1421226288661{padding-top: 20px !important;padding-left: 20px !important;}&#8221;][\/vc_column_inner][\/vc_row_inner][vc_row_inner][vc_column_inner][vc_empty_space height=&#8221;20px&#8221;][\/vc_column_inner][\/vc_row_inner][vc_row_inner][vc_column_inner el_class=&#8221;nicdark_radius nicdark_shadow nicdark_bg_grey&#8221; css=&#8221;.vc_custom_1422373396926{padding-top: 20px !important;padding-left: 20px !important;}&#8221;][\/vc_column_inner][\/vc_row_inner][vc_empty_space height=&#8221;20px&#8221;][vc_row_inner][vc_column_inner el_class=&#8221;nicdark_radius nicdark_shadow nicdark_bg_grey&#8221; css=&#8221;.vc_custom_1422373396926{padding-top: 20px !important;padding-left: 20px !important;}&#8221;][\/vc_column_inner][\/vc_row_inner][vc_row_inner][vc_column_inner][\/vc_column_inner][\/vc_row_inner][vc_row_inner][vc_column_inner][vc_empty_space height=&#8221;20px&#8221;][\/vc_column_inner][\/vc_row_inner][vc_row_inner][vc_column_inner el_class=&#8221;nicdark_radius nicdark_shadow nicdark_bg_grey&#8221; css=&#8221;.vc_custom_1422373396926{padding-top: 20px !important;padding-left: 20px !important;}&#8221;][\/vc_column_inner][\/vc_row_inner][vc_row_inner][vc_column_inner][vc_empty_space height=&#8221;20px&#8221;][\/vc_column_inner][\/vc_row_inner][vc_row_inner][vc_column_inner][vc_empty_space height=&#8221;20px&#8221;][\/vc_column_inner][\/vc_row_inner][\/vc_column][vc_column width=&#8221;2\/3&#8243;][vc_wp_text ...","og_url":"https:\/\/www.escoletablaucel.es\/ca\/contacte\/","og_site_name":"Escoleta Blaucel","article_modified_time":"2023-09-28T15:00:53+00:00","twitter_card":"summary_large_image","twitter_misc":{"Temps estimat de lectura":"3 minuts"},"schema":{"@context":"https:\/\/schema.org","@graph":[{"@type":"WebPage","@id":"https:\/\/www.escoletablaucel.es\/ca\/contacte\/","url":"https:\/\/www.escoletablaucel.es\/ca\/contacte\/","name":"Contacte - Escoleta Blaucel","isPartOf":{"@id":"https:\/\/www.escoletablaucel.es\/#website"},"datePublished":"2015-10-23T11:12:35+00:00","dateModified":"2023-09-28T15:00:53+00:00","breadcrumb":{"@id":"https:\/\/www.escoletablaucel.es\/ca\/contacte\/#breadcrumb"},"inLanguage":"ca","potentialAction":[{"@type":"ReadAction","target":["https:\/\/www.escoletablaucel.es\/ca\/contacte\/"]}]},{"@type":"BreadcrumbList","@id":"https:\/\/www.escoletablaucel.es\/ca\/contacte\/#breadcrumb","itemListElement":[{"@type":"ListItem","position":1,"name":"Portada","item":"https:\/\/www.escoletablaucel.es\/ca\/"},{"@type":"ListItem","position":2,"name":"Contacte"}]},{"@type":"WebSite","@id":"https:\/\/www.escoletablaucel.es\/#website","url":"https:\/\/www.escoletablaucel.es\/","name":"Escoleta Blaucel","description":"Centro de educaci\u00f3n infantil de primer ciclo","potentialAction":[{"@type":"SearchAction","target":{"@type":"EntryPoint","urlTemplate":"https:\/\/www.escoletablaucel.es\/?s={search_term_string}"},"query-input":"required name=search_term_string"}],"inLanguage":"ca"}]}},"_links":{"self":[{"href":"https:\/\/www.escoletablaucel.es\/ca\/wp-json\/wp\/v2\/pages\/2938","targetHints":{"allow":["GET"]}}],"collection":[{"href":"https:\/\/www.escoletablaucel.es\/ca\/wp-json\/wp\/v2\/pages"}],"about":[{"href":"https:\/\/www.escoletablaucel.es\/ca\/wp-json\/wp\/v2\/types\/page"}],"author":[{"embeddable":true,"href":"https:\/\/www.escoletablaucel.es\/ca\/wp-json\/wp\/v2\/users\/1"}],"replies":[{"embeddable":true,"href":"https:\/\/www.escoletablaucel.es\/ca\/wp-json\/wp\/v2\/comments?post=2938"}],"version-history":[{"count":10,"href":"https:\/\/www.escoletablaucel.es\/ca\/wp-json\/wp\/v2\/pages\/2938\/revisions"}],"predecessor-version":[{"id":19186,"href":"https:\/\/www.escoletablaucel.es\/ca\/wp-json\/wp\/v2\/pages\/2938\/revisions\/19186"}],"wp:attachment":[{"href":"https:\/\/www.escoletablaucel.es\/ca\/wp-json\/wp\/v2\/media?parent=2938"}],"curies":[{"name":"wp","href":"https:\/\/api.w.org\/{rel}","templated":true}]}}