{"id":3204,"date":"2019-11-16T12:42:01","date_gmt":"2019-11-16T12:42:01","guid":{"rendered":"http:\/\/www.escoletablaucel.es\/ca\/aviso-legal\/"},"modified":"2023-09-28T08:35:35","modified_gmt":"2023-09-28T08:35:35","slug":"aviso-legal","status":"publish","type":"page","link":"https:\/\/www.escoletablaucel.es\/ca\/aviso-legal\/","title":{"rendered":"Aviso legal"},"content":{"rendered":"<ol>\n<li>\n<h2><strong>Identificaci\u00f3n y contacto del propietario de la web.<\/strong><\/h2>\n<\/li>\n<\/ol>\n<p><a href=\"http:\/\/www.escoletablaucel.es\">http:\/\/www.escoletablaucel.es<\/a> \u00a0(en adelante la web), es propiedad de <strong>ESCOLETA BLAUCEL SL<\/strong> (en adelante el Titular) con domicilio en C\/ Jaume II, 89 Bajos, 07300 Inca, Illes Balears, con CIF B57473811, tel\u00e9fono (+34) 871 71 44 32\u00a0\u00a0 y correo electr\u00f3nico <a href=\"mailto:escoletablaucel@gmail.com\">escoletablaucel@gmail.com<\/a><\/p>\n<p><strong>Otros datos del propietario:<\/strong><\/p>\n<p>Datos de inscripci\u00f3n en Registro Mercantil: Registro Mercantil de Palma de Mallorca, Tomo\u00a02268, Folio\u00a0108, Hoja\u00a0108.<\/p>\n<ol start=\"2\">\n<li>\n<h2><strong> \u00c1mbito de aplicaci\u00f3n.<\/strong><\/h2>\n<\/li>\n<\/ol>\n<p>La navegaci\u00f3n por el sitio web del Titular implica asumir la condici\u00f3n de usuario y la aceptaci\u00f3n absoluta de lo manifestado en este Aviso Legal.<\/p>\n<ol start=\"3\">\n<li>\n<h2><strong> Edad.<\/strong><\/h2>\n<\/li>\n<\/ol>\n<p>En nuestra web no tratamos datos de menores de catorce a\u00f1os.<\/p>\n<ol start=\"4\">\n<li>\n<h2><strong> Propiedad intelectual o industrial.<\/strong><\/h2>\n<\/li>\n<\/ol>\n<p>Los contenidos de la Web, por ejemplo textos, im\u00e1genes, gr\u00e1ficos o c\u00f3digo fuente, est\u00e1n protegidos por derechos de propiedad intelectual e industrial.<\/p>\n<p>Tales contenidos no podr\u00e1n ser, por ejemplo, reproducidos o transformados sin el permiso previo y expl\u00edcito del Titular. Los usuarios pueden acceder a los contenidos y realizar copias privadas autorizadas siempre que los elementos reproducidos no sean cedidos posteriormente a terceros, ni se instalen en servidores en red, ni sean objeto de ning\u00fan tipo de explotaci\u00f3n.<\/p>\n<ol start=\"5\">\n<li>\n<h2><strong> Normas comunes de uso de la web.<\/strong><\/h2>\n<\/li>\n<\/ol>\n<p>El usuario se compromete a hacer un uso de la Web de acuerdo a las siguientes normas:<\/p>\n<ul>\n<li>No publicar\u00e1 comunicaciones comerciales a trav\u00e9s del sitio web.<\/li>\n<li>No recopilar\u00e1 contenido o informaci\u00f3n de otros usuarios.<\/li>\n<li>No cargar\u00e1 virus ni c\u00f3digo malintencionado de ning\u00fan tipo.<\/li>\n<li>No solicitar\u00e1 informaci\u00f3n de inicio de sesi\u00f3n ni acceder\u00e1 a una cuenta perteneciente a otro usuario.<\/li>\n<li>No realizar\u00e1 actos il\u00edcitos, enga\u00f1osos, malintencionados o discriminatorios en el sitio web, de acuerdo a estas condiciones y al ordenamiento jur\u00eddico espa\u00f1ol.<\/li>\n<li>En general, no realizar\u00e1 actos que supongan da\u00f1os o lesiones de los derechos de terceros.<\/li>\n<\/ul>\n<p>El Titular podr\u00e1 eliminar cualquier contenido o suspender el servicio si, seg\u00fan su propio criterio, incumple cualquiera de las normas y obligaciones descritas en este Aviso Legal.<\/p>\n<p>Para cualquier consulta o aclaraci\u00f3n sobre estas normas puede contactarnos v\u00eda email.<\/p>\n<ol start=\"6\">\n<li>\n<h2><strong> Enlaces y limitaci\u00f3n de responsabilidad.<\/strong><\/h2>\n<\/li>\n<\/ol>\n<p>El establecimiento de un hiperenlace no implica en ning\u00fan caso la existencia de relaciones entre el Titular y el propietario del sitio web en la que se establezca, ni la aceptaci\u00f3n y aprobaci\u00f3n por parte del Titular de sus contenidos o servicios. Aquellas personas que se propongan establecer un hiperenlace, previamente deber\u00e1n solicitar autorizaci\u00f3n por escrito al Titular. En todo caso, el hiperenlace \u00fanicamente permitir\u00e1 el acceso a la p\u00e1gina de inicio de nuestro sitio web. Asimismo, deber\u00e1 abstenerse de realizar manifestaciones o indicaciones falsas, inexactas o incorrectas sobre el Titular, o incluir contenidos il\u00edcitos, contrarios a las buenas costumbres y al orden p\u00fablico.<\/p>\n<p>El Titular no se responsabiliza del uso que cada usuario le d\u00e9 a los materiales puestos a disposici\u00f3n en este sitio web ni de las actuaciones que realice en base a los mismos. El contenido de la Web es de car\u00e1cter general y meramente informativo.<\/p>\n<p>El Titular no asumir\u00e1 responsabilidad por el contenido o funcionamiento de webs de terceros a los que el usuario del sitio Web pueda acceder mediante cualquier tipo de enlace.<\/p>\n<p>El Titular declina cualquier responsabilidad, hasta donde permita el ordenamiento jur\u00eddico, por los da\u00f1os y perjuicios derivados de la presencia de virus, de las actuaciones de terceros que vulneren derechos de propiedad, al honor, a la intimidad o sobre publicidad il\u00edcita.<\/p>\n<p>Si alg\u00fan usuario o tercero considera que en la Web se est\u00e1 cometiendo alg\u00fan il\u00edcito de cualquier tipo, debe remitir una comunicaci\u00f3n al Titular a la direcci\u00f3n de email que aparece en nuestros datos identificativos. Deber\u00e1 identificarse debidamente, especificando los hechos que denuncia.<\/p>\n<ol start=\"7\">\n<li>\n<h2><strong> Privacidad.<\/strong><\/h2>\n<\/li>\n<\/ol>\n<p>Si en la Web se recabaran datos personales, el Titular ser\u00e1 responsable de los mismos y los tratar\u00e1 con absoluta confidencialidad y seguridad. Podr\u00e1 encontrar m\u00e1s informaci\u00f3n en nuestra pol\u00edtica de privacidad y cookies.<\/p>\n<ol start=\"7\">\n<li>\n<h2><strong>Modificaciones<\/strong><\/h2>\n<\/li>\n<\/ol>\n<p>El Titular se reserva el derecho a realizar las modificaciones que considere oportunas, sin aviso previo, en el contenido de su sitio web. Tanto en lo referente a los contenidos del sitio web, como en las condiciones de uso del mismo, o en las condiciones generales de contrataci\u00f3n. Dichas modificaciones podr\u00e1n realizarse a trav\u00e9s de su sitio web por cualquier forma admisible en derecho y ser\u00e1n de obligado cumplimiento durante el tiempo en que se encuentren publicadas en el web y hasta que no sean modificadas v\u00e1lidamente por otras posteriores.<\/p>\n<ol start=\"9\">\n<li>\n<h2><strong> Legislaci\u00f3n aplicable, soluci\u00f3n de cuestiones controvertidas y foro competente.<\/strong><\/h2>\n<\/li>\n<\/ol>\n<p>El uso de la Web se regir\u00e1 por la legislaci\u00f3n espa\u00f1ola. Cualquier controversia que surja o guarde relaci\u00f3n con el uso de la Web, ser\u00e1 sometido a la jurisdicci\u00f3n no exclusiva de los Juzgados y Tribunales del municipio donde radica el domicilio social del Titular.<\/p>\n<p>&nbsp;<\/p>\n","protected":false},"excerpt":{"rendered":"<p>Identificaci\u00f3n y contacto del propietario de la web. http:\/\/www.escoletablaucel.es \u00a0(en adelante la web), es propiedad de ESCOLETA BLAUCEL SL (en adelante el Titular) con domicilio en C\/ Jaume II, 89 Bajos, 07300 Inca, Illes Balears, con CIF B57473811, tel\u00e9fono (+34) 871 71 44 32\u00a0\u00a0 y correo electr\u00f3nico escoletablaucel@gmail.com Otros datos del propietario: Datos de inscripci\u00f3n &#8230;<\/p>\n","protected":false},"author":2,"featured_media":0,"parent":0,"menu_order":0,"comment_status":"closed","ping_status":"closed","template":"","meta":{"footnotes":""},"class_list":["post-3204","page","type-page","status-publish","hentry"],"yoast_head":"<!-- This site is optimized with the Yoast SEO plugin v21.8 - https:\/\/yoast.com\/wordpress\/plugins\/seo\/ -->\n<title>Aviso legal - Escoleta Blaucel<\/title>\n<meta name=\"robots\" content=\"index, follow, max-snippet:-1, max-image-preview:large, max-video-preview:-1\" \/>\n<link rel=\"canonical\" href=\"https:\/\/www.escoletablaucel.es\/ca\/aviso-legal\/\" \/>\n<meta property=\"og:locale\" content=\"ca_ES\" \/>\n<meta property=\"og:type\" content=\"article\" \/>\n<meta property=\"og:title\" content=\"Aviso legal - Escoleta Blaucel\" \/>\n<meta property=\"og:description\" content=\"Identificaci\u00f3n y contacto del propietario de la web. http:\/\/www.escoletablaucel.es \u00a0(en adelante la web), es propiedad de ESCOLETA BLAUCEL SL (en adelante el Titular) con domicilio en C\/ Jaume II, 89 Bajos, 07300 Inca, Illes Balears, con CIF B57473811, tel\u00e9fono (+34) 871 71 44 32\u00a0\u00a0 y correo electr\u00f3nico escoletablaucel@gmail.com Otros datos del propietario: Datos de inscripci\u00f3n ...\" \/>\n<meta property=\"og:url\" content=\"https:\/\/www.escoletablaucel.es\/ca\/aviso-legal\/\" \/>\n<meta property=\"og:site_name\" content=\"Escoleta Blaucel\" \/>\n<meta property=\"article:modified_time\" content=\"2023-09-28T08:35:35+00:00\" \/>\n<meta name=\"twitter:card\" content=\"summary_large_image\" \/>\n<meta name=\"twitter:label1\" content=\"Temps estimat de lectura\" \/>\n\t<meta name=\"twitter:data1\" content=\"4 minuts\" \/>\n<script type=\"application\/ld+json\" class=\"yoast-schema-graph\">{\"@context\":\"https:\/\/schema.org\",\"@graph\":[{\"@type\":\"WebPage\",\"@id\":\"https:\/\/www.escoletablaucel.es\/ca\/aviso-legal\/\",\"url\":\"https:\/\/www.escoletablaucel.es\/ca\/aviso-legal\/\",\"name\":\"Aviso legal - Escoleta Blaucel\",\"isPartOf\":{\"@id\":\"https:\/\/www.escoletablaucel.es\/#website\"},\"datePublished\":\"2019-11-16T12:42:01+00:00\",\"dateModified\":\"2023-09-28T08:35:35+00:00\",\"breadcrumb\":{\"@id\":\"https:\/\/www.escoletablaucel.es\/ca\/aviso-legal\/#breadcrumb\"},\"inLanguage\":\"ca\",\"potentialAction\":[{\"@type\":\"ReadAction\",\"target\":[\"https:\/\/www.escoletablaucel.es\/ca\/aviso-legal\/\"]}]},{\"@type\":\"BreadcrumbList\",\"@id\":\"https:\/\/www.escoletablaucel.es\/ca\/aviso-legal\/#breadcrumb\",\"itemListElement\":[{\"@type\":\"ListItem\",\"position\":1,\"name\":\"Portada\",\"item\":\"https:\/\/www.escoletablaucel.es\/ca\/\"},{\"@type\":\"ListItem\",\"position\":2,\"name\":\"Aviso legal\"}]},{\"@type\":\"WebSite\",\"@id\":\"https:\/\/www.escoletablaucel.es\/#website\",\"url\":\"https:\/\/www.escoletablaucel.es\/\",\"name\":\"Escoleta Blaucel\",\"description\":\"Centro de educaci\u00f3n infantil de primer ciclo\",\"potentialAction\":[{\"@type\":\"SearchAction\",\"target\":{\"@type\":\"EntryPoint\",\"urlTemplate\":\"https:\/\/www.escoletablaucel.es\/?s={search_term_string}\"},\"query-input\":\"required name=search_term_string\"}],\"inLanguage\":\"ca\"}]}<\/script>\n<!-- \/ Yoast SEO plugin. -->","yoast_head_json":{"title":"Aviso legal - Escoleta Blaucel","robots":{"index":"index","follow":"follow","max-snippet":"max-snippet:-1","max-image-preview":"max-image-preview:large","max-video-preview":"max-video-preview:-1"},"canonical":"https:\/\/www.escoletablaucel.es\/ca\/aviso-legal\/","og_locale":"ca_ES","og_type":"article","og_title":"Aviso legal - Escoleta Blaucel","og_description":"Identificaci\u00f3n y contacto del propietario de la web. http:\/\/www.escoletablaucel.es \u00a0(en adelante la web), es propiedad de ESCOLETA BLAUCEL SL (en adelante el Titular) con domicilio en C\/ Jaume II, 89 Bajos, 07300 Inca, Illes Balears, con CIF B57473811, tel\u00e9fono (+34) 871 71 44 32\u00a0\u00a0 y correo electr\u00f3nico escoletablaucel@gmail.com Otros datos del propietario: Datos de inscripci\u00f3n ...","og_url":"https:\/\/www.escoletablaucel.es\/ca\/aviso-legal\/","og_site_name":"Escoleta Blaucel","article_modified_time":"2023-09-28T08:35:35+00:00","twitter_card":"summary_large_image","twitter_misc":{"Temps estimat de lectura":"4 minuts"},"schema":{"@context":"https:\/\/schema.org","@graph":[{"@type":"WebPage","@id":"https:\/\/www.escoletablaucel.es\/ca\/aviso-legal\/","url":"https:\/\/www.escoletablaucel.es\/ca\/aviso-legal\/","name":"Aviso legal - Escoleta Blaucel","isPartOf":{"@id":"https:\/\/www.escoletablaucel.es\/#website"},"datePublished":"2019-11-16T12:42:01+00:00","dateModified":"2023-09-28T08:35:35+00:00","breadcrumb":{"@id":"https:\/\/www.escoletablaucel.es\/ca\/aviso-legal\/#breadcrumb"},"inLanguage":"ca","potentialAction":[{"@type":"ReadAction","target":["https:\/\/www.escoletablaucel.es\/ca\/aviso-legal\/"]}]},{"@type":"BreadcrumbList","@id":"https:\/\/www.escoletablaucel.es\/ca\/aviso-legal\/#breadcrumb","itemListElement":[{"@type":"ListItem","position":1,"name":"Portada","item":"https:\/\/www.escoletablaucel.es\/ca\/"},{"@type":"ListItem","position":2,"name":"Aviso legal"}]},{"@type":"WebSite","@id":"https:\/\/www.escoletablaucel.es\/#website","url":"https:\/\/www.escoletablaucel.es\/","name":"Escoleta Blaucel","description":"Centro de educaci\u00f3n infantil de primer ciclo","potentialAction":[{"@type":"SearchAction","target":{"@type":"EntryPoint","urlTemplate":"https:\/\/www.escoletablaucel.es\/?s={search_term_string}"},"query-input":"required name=search_term_string"}],"inLanguage":"ca"}]}},"_links":{"self":[{"href":"https:\/\/www.escoletablaucel.es\/ca\/wp-json\/wp\/v2\/pages\/3204","targetHints":{"allow":["GET"]}}],"collection":[{"href":"https:\/\/www.escoletablaucel.es\/ca\/wp-json\/wp\/v2\/pages"}],"about":[{"href":"https:\/\/www.escoletablaucel.es\/ca\/wp-json\/wp\/v2\/types\/page"}],"author":[{"embeddable":true,"href":"https:\/\/www.escoletablaucel.es\/ca\/wp-json\/wp\/v2\/users\/2"}],"replies":[{"embeddable":true,"href":"https:\/\/www.escoletablaucel.es\/ca\/wp-json\/wp\/v2\/comments?post=3204"}],"version-history":[{"count":1,"href":"https:\/\/www.escoletablaucel.es\/ca\/wp-json\/wp\/v2\/pages\/3204\/revisions"}],"predecessor-version":[{"id":19166,"href":"https:\/\/www.escoletablaucel.es\/ca\/wp-json\/wp\/v2\/pages\/3204\/revisions\/19166"}],"wp:attachment":[{"href":"https:\/\/www.escoletablaucel.es\/ca\/wp-json\/wp\/v2\/media?parent=3204"}],"curies":[{"name":"wp","href":"https:\/\/api.w.org\/{rel}","templated":true}]}}